 
{"id":144,"date":"2024-11-21T15:11:48","date_gmt":"2024-11-21T08:11:48","guid":{"rendered":"https:\/\/knstgroup.com\/sites\/loctancuong\/?post_type=product&#038;p=144"},"modified":"2024-11-21T15:13:11","modified_gmt":"2024-11-21T08:13:11","slug":"tra-moc-cau-dac-biet-250gr","status":"publish","type":"product","link":"https:\/\/knstgroup.com\/sites\/loctancuong\/san-pham\/tra-moc-cau-dac-biet-250gr\/","title":{"rendered":"Tr\u00e0 M\u00f3c C\u00e2u \u0110\u1eb7c Bi\u1ec7t 250GR"},"content":{"rendered":"<p><a href=\"https:\/\/loctancuong.com\/\" target=\"_blank\" rel=\"noopener\">Tr\u00e0 Th\u00e1i Nguy\u00ean<\/a>\u00a0m\u00f3c c\u00e2u \u0111\u1eb7c bi\u1ec7t c\u1ee7a L\u1ed9c T\u00e2n C\u01b0\u01a1ng l\u00e0 s\u1ea3n ph\u1ea9m b\u00e1n ch\u1ea1y nh\u1ea5t c\u1ee7a ch\u00fang t\u00f4i. V\u1edbi gi\u00e1 c\u1ea3 ph\u00f9 h\u1ee3p, h\u01b0\u01a1ng v\u1ecb c\u1ee7a tr\u00e0 m\u00f3c c\u00e2u \u0111\u1eb7c bi\u1ec7t \u0111\u00e3 l\u00e0m m\u00ea ho\u1eb7c bi\u1ebft bao ng\u01b0\u1eddi y\u00eau tr\u00e0. D\u01b0\u1edbi \u0111\u00e2y l\u00e0 nh\u1eefng th\u00f4ng tin v\u1ec1 s\u1ea3n ph\u1ea9m, m\u1eddi c\u00e1c b\u1ea1n xem qua.<\/p>\n<figure id=\"attachment_15319\" class=\"wp-caption aligncenter\" aria-describedby=\"caption-attachment-15319\"><img loading=\"lazy\" decoding=\"async\" class=\"wp-image-15319 size-full entered lazyloaded\" title=\"Tr\u00e0 M\u00f3c C\u00e2u \u0110\u1eb7c Bi\u1ec7t 100gr 10\" src=\"https:\/\/loctancuong.com\/wp-content\/uploads\/2024\/01\/moc-cau-dac-biet-sp-2.jpg\" alt=\"moc cau dac biet sp 2\" width=\"1024\" height=\"1024\" data-lazy-src=\"https:\/\/loctancuong.com\/wp-content\/uploads\/2024\/01\/moc-cau-dac-biet-sp-2.jpg\" data-ll-status=\"loaded\" \/><figcaption id=\"caption-attachment-15319\" class=\"wp-caption-text\">Th\u00f4ng tin v\u1ec1 tr\u00e0 m\u00f3c c\u00e2u \u0111\u1eb7c bi\u1ec7t L\u1ed9c T\u00e2n C\u01b0\u01a1ng<\/figcaption><\/figure>\n<figure id=\"attachment_15323\" class=\"wp-caption aligncenter\" aria-describedby=\"caption-attachment-15323\"><img loading=\"lazy\" decoding=\"async\" class=\"wp-image-15323 size-full entered lazyloaded\" title=\"Tr\u00e0 M\u00f3c C\u00e2u \u0110\u1eb7c Bi\u1ec7t 100gr 11\" src=\"https:\/\/loctancuong.com\/wp-content\/uploads\/2024\/01\/moc-cau-dac-biet-sp-6.jpg\" alt=\"moc cau dac biet sp 6\" width=\"1024\" height=\"1024\" data-lazy-src=\"https:\/\/loctancuong.com\/wp-content\/uploads\/2024\/01\/moc-cau-dac-biet-sp-6.jpg\" data-ll-status=\"loaded\" \/><figcaption id=\"caption-attachment-15323\" class=\"wp-caption-text\">B\u1edfi \u0111\u01b0\u1ee3c sao t\u1eeb n\u00f5n tr\u00e0 non nh\u1ecf x\u00edu n\u00ean c\u00e1nh tr\u00e0 lo\u1ea1i n\u00e0y c\u00f3 m\u00e0u m\u1ed1c \u0111\u1eb7c tr\u01b0ng c\u1ee7a tr\u00e0 m\u00f3c c\u00e2u, c\u00e1nh nh\u1ecf nh\u01b0 h\u1ea1t g\u1ea1o v\u00e0 \u0111\u1ec1u t\u0103m t\u1eafp<\/figcaption><\/figure>\n<figure id=\"attachment_15318\" class=\"wp-caption aligncenter\" aria-describedby=\"caption-attachment-15318\"><img loading=\"lazy\" decoding=\"async\" class=\"wp-image-15318 size-full entered lazyloaded\" title=\"Tr\u00e0 M\u00f3c C\u00e2u \u0110\u1eb7c Bi\u1ec7t 100gr 12\" src=\"https:\/\/loctancuong.com\/wp-content\/uploads\/2024\/01\/moc-cau-dac-biet-sp-1.jpg\" alt=\"moc cau dac biet sp 1\" width=\"1024\" height=\"1024\" data-lazy-src=\"https:\/\/loctancuong.com\/wp-content\/uploads\/2024\/01\/moc-cau-dac-biet-sp-1.jpg\" data-ll-status=\"loaded\" \/><figcaption id=\"caption-attachment-15318\" class=\"wp-caption-text\">M\u1ed9t \u1ea5m ch\u00e8 th\u01a1m ng\u00e1t v\u1edbi n\u01b0\u1edbc xanh s\u00e1nh c\u00f9ng v\u1ecb h\u1eadu ng\u1ecdt \u0111\u1ed9c \u0111\u00e1o, quy\u1ebfn r\u0169 nh\u1eefng ng\u01b0\u1eddi s\u00e0nh tr\u00e0. M\u1ed9t ly tr\u00e0 m\u00f3c c\u00e2u \u0111\u1eb7c bi\u1ec7t ch\u1ee9a \u0111\u1ef1ng bao t\u00e2m huy\u1ebft v\u00e0 c\u00f4ng s\u1ee9c c\u1ee7a ng\u01b0\u1eddi ngh\u1ec7 nh\u00e2n l\u00e0m tr\u00e0\u2026<\/figcaption><\/figure>\n<figure id=\"attachment_15320\" class=\"wp-caption aligncenter\" aria-describedby=\"caption-attachment-15320\"><img loading=\"lazy\" decoding=\"async\" class=\"wp-image-15320 size-full entered lazyloaded\" title=\"Tr\u00e0 M\u00f3c C\u00e2u \u0110\u1eb7c Bi\u1ec7t 100gr 13\" src=\"https:\/\/loctancuong.com\/wp-content\/uploads\/2024\/01\/moc-cau-dac-biet-sp-3.jpg\" alt=\"moc cau dac biet sp 3\" width=\"1024\" height=\"1024\" data-lazy-src=\"https:\/\/loctancuong.com\/wp-content\/uploads\/2024\/01\/moc-cau-dac-biet-sp-3.jpg\" data-ll-status=\"loaded\" \/><figcaption id=\"caption-attachment-15320\" class=\"wp-caption-text\">Tr\u01b0\u1edbc khi pha b\u1ea1n h\u00e3y chu\u1ea9n b\u1ecb \u1ea5m \u0111\u1ea5t v\u00e0 n\u01b0\u1edbc tinh khi\u1ebft, v\u00ec hi\u1ec7n nay n\u01b0\u1edbc gi\u1ebfng v\u00e0 n\u01b0\u1edbc m\u01b0a \u1edf m\u1ed9t s\u1ed1 th\u00e0nh ph\u1ed1 l\u1edbn b\u1ecb nhi\u1ec5m kh\u00f3i b\u1ee5i xe v\u00e0 kh\u00ed th\u1ea3i c\u1ee7a c\u00e1c nh\u00e0 m\u00e1y r\u1ea5t nhi\u1ec1u, c\u00f2n n\u01b0\u1edbc m\u00e1y th\u00ec b\u1ecb l\u1eabn t\u1ea1p ch\u1ea5t v\u00e0 kh\u00ed clo, b\u1edfi v\u1eady pha tr\u00e0 b\u1eb1ng n\u01b0\u1edbc tinh khi\u1ebft c\u00f9ng v\u1edbi \u1ea5m \u0111\u1ea5t, ta s\u1ebd c\u1ea3m nh\u1eadn \u0111\u01b0\u1ee3c \u0111\u1ea7y \u0111\u1ee7 h\u01b0\u01a1ng v\u1ecb th\u01a1m ngon v\u1ed1n c\u00f3 c\u1ee7a tr\u00e0.<\/figcaption><\/figure>\n<figure id=\"attachment_15322\" class=\"wp-caption aligncenter\" aria-describedby=\"caption-attachment-15322\"><img loading=\"lazy\" decoding=\"async\" class=\"wp-image-15322 size-full entered lazyloaded\" title=\"Tr\u00e0 M\u00f3c C\u00e2u \u0110\u1eb7c Bi\u1ec7t 100gr 14\" src=\"https:\/\/loctancuong.com\/wp-content\/uploads\/2024\/01\/moc-cau-dac-biet-sp-5.jpg\" alt=\"moc cau dac biet sp 5\" width=\"1024\" height=\"1024\" data-lazy-src=\"https:\/\/loctancuong.com\/wp-content\/uploads\/2024\/01\/moc-cau-dac-biet-sp-5.jpg\" data-ll-status=\"loaded\" \/><figcaption id=\"caption-attachment-15322\" class=\"wp-caption-text\">U\u1ed1ng tr\u00e0 m\u00f3c c\u00e2u \u0111\u1eb7c bi\u1ec7t \u0111\u1ec3 kh\u1ecfe h\u01a1n v\u00e0 \u0111\u1eb9p h\u01a1n<\/figcaption><\/figure>\n<p>\u0110\u1ec3 \u0111\u1eb7t mua s\u1ea3n ph\u1ea9m\u00a0<strong>Tr\u00e0 m\u00f3c c\u00e2u<\/strong>\u00a0c\u1ee7a\u00a0L\u1ed9c T\u00e2n C\u01b0\u01a1ng, b\u1ea1n c\u00f3 th\u1ec3 g\u1ecdi \u0111\u1ebfn\u00a0<strong>Hotline:\u00a00933 862 589<\/strong>\u00a0\u0111\u1ec3 \u0111\u01b0\u1ee3c t\u01b0 v\u1ea5n c\u1ee5 th\u1ec3 v\u00e0 \u0111\u1eb7t h\u00e0ng nhanh nh\u1ea5t. Ho\u1eb7c b\u1ea1n c\u00f3 th\u1ec3 \u0111\u1eb7t mua h\u00e0ng t\u1ea1i website b\u1eb1ng c\u00e1c nh\u1ea5n v\u00e0o n\u00fat ch\u1ecdn mua s\u1ea3n ph\u1ea9m\u00a0ph\u00eda tr\u00ean\u00a0v\u00e0 ti\u1ebfn h\u00e0nh thanh\u00a0to\u00e1n.<\/p>\n<p><em><strong>R\u1ea5t h\u00e2n h\u1ea1nh \u0111\u01b0\u1ee3c ph\u1ee5c v\u1ee5 qu\u00fd kh\u00e1ch! Ch\u00fac qu\u00fd v\u1ecb c\u00f3 nh\u1eefng bu\u1ed5i th\u01b0\u1edfng tr\u00e0 vui v\u1ebb, s\u1ea3ng kho\u00e1i!<\/strong><\/em><\/p>\n","protected":false},"excerpt":{"rendered":"<p>Tr\u00e0 Th\u00e1i Nguy\u00ean\u00a0m\u00f3c c\u00e2u \u0111\u1eb7c bi\u1ec7t c\u1ee7a L\u1ed9c T\u00e2n C\u01b0\u01a1ng l\u00e0 s\u1ea3n ph\u1ea9m b\u00e1n ch\u1ea1y nh\u1ea5t c\u1ee7a ch\u00fang t\u00f4i. V\u1edbi gi\u00e1 c\u1ea3 ph\u00f9 h\u1ee3p, h\u01b0\u01a1ng v\u1ecb c\u1ee7a tr\u00e0 m\u00f3c c\u00e2u \u0111\u1eb7c bi\u1ec7t \u0111\u00e3 l\u00e0m m\u00ea ho\u1eb7c bi\u1ebft bao ng\u01b0\u1eddi y\u00eau tr\u00e0. D\u01b0\u1edbi \u0111\u00e2y l\u00e0 nh\u1eefng th\u00f4ng tin v\u1ec1 s\u1ea3n ph\u1ea9m, m\u1eddi c\u00e1c b\u1ea1n xem qua&#8230;.<\/p>\n","protected":false},"featured_media":145,"comment_status":"open","ping_status":"closed","template":"","meta":[],"product_brand":[],"product_cat":[20,18,19,17],"product_tag":[],"class_list":{"0":"post-144","1":"product","2":"type-product","3":"status-publish","4":"has-post-thumbnail","6":"product_cat-che-moc-cau-dac-biet-500gr","7":"product_cat-tra-moc-cau-dac-biet","8":"product_cat-tra-moc-cau-dac-biet-250gr","9":"product_cat-tra-tan-cuong-thai-nguyen","11":"first","12":"instock","13":"shipping-taxable","14":"product-type-simple"},"_links":{"self":[{"href":"https:\/\/knstgroup.com\/sites\/loctancuong\/wp-json\/wp\/v2\/product\/144","targetHints":{"allow":["GET"]}}],"collection":[{"href":"https:\/\/knstgroup.com\/sites\/loctancuong\/wp-json\/wp\/v2\/product"}],"about":[{"href":"https:\/\/knstgroup.com\/sites\/loctancuong\/wp-json\/wp\/v2\/types\/product"}],"replies":[{"embeddable":true,"href":"https:\/\/knstgroup.com\/sites\/loctancuong\/wp-json\/wp\/v2\/comments?post=144"}],"wp:featuredmedia":[{"embeddable":true,"href":"https:\/\/knstgroup.com\/sites\/loctancuong\/wp-json\/wp\/v2\/media\/145"}],"wp:attachment":[{"href":"https:\/\/knstgroup.com\/sites\/loctancuong\/wp-json\/wp\/v2\/media?parent=144"}],"wp:term":[{"taxonomy":"product_brand","embeddable":true,"href":"https:\/\/knstgroup.com\/sites\/loctancuong\/wp-json\/wp\/v2\/product_brand?post=144"},{"taxonomy":"product_cat","embeddable":true,"href":"https:\/\/knstgroup.com\/sites\/loctancuong\/wp-json\/wp\/v2\/product_cat?post=144"},{"taxonomy":"product_tag","embeddable":true,"href":"https:\/\/knstgroup.com\/sites\/loctancuong\/wp-json\/wp\/v2\/product_tag?post=144"}],"curies":[{"name":"wp","href":"https:\/\/api.w.org\/{rel}","templated":true}]}}