 
{"id":233,"date":"2025-08-29T15:28:37","date_gmt":"2025-08-29T15:28:37","guid":{"rendered":"https:\/\/knstgroup.com\/sites\/he-thong-vuon-tung-toan\/?page_id=233"},"modified":"2025-09-01T04:11:53","modified_gmt":"2025-09-01T04:11:53","slug":"lien-he","status":"publish","type":"page","link":"https:\/\/knstgroup.com\/sites\/he-thong-vuon-tung-toan\/lien-he\/","title":{"rendered":"Li\u00ean h\u1ec7"},"content":{"rendered":"<div class=\"row\"  id=\"row-1931259966\">\n\n\t<div id=\"col-1462367378\" class=\"col medium-6 small-12 large-6\"  >\n\t\t\t\t<div class=\"col-inner\"  >\n\t\t\t\n\t\t\t\n\t<div id=\"text-3818796888\" class=\"text\">\n\t\t\n<div class=\"container section-title-container\">\n<p class=\"section-title section-title-center\" style=\"text-align: center;\"><span class=\"section-title-main\">MI\u1ec0N B\u1eaeC<\/span><b><\/b><\/p>\n<\/div>\n<ul>\n<li>V\u01b0\u1eddn 1. Ch\u00e2n c\u1ea7u Nh\u1eadt T\u00e2n &#8211; V\u00f5 Ch\u00ed C\u00f4ng &#8211; T\u00e2y H\u1ed3 &#8211; H\u00e0 N\u1ed9i<\/li>\n<li>V\u01b0\u1eddn 2. Tr\u01b0\u1eddng Sa &#8211; V\u0129nh Ng\u1ecdc &#8211; \u0110\u00f4ng Anh &#8211; H\u00e0 N\u1ed9i<\/li>\n<li>V\u01b0\u1eddn 3. Ng\u00e3 t\u01b0 Xu\u00e2n Canh &#8211; \u0110\u00f4ng Anh &#8211; H\u00e0 N\u1ed9i<\/li>\n<li>V\u01b0\u1eddn 4. \u0110\u01b0\u1eddng L\u00fd Th\u00e1nh T\u00f4ng, C\u1ed5ng 12C Oceanpark &#8211; Gia L\u00e2m &#8211; H\u00e0 N\u1ed9i<\/li>\n<\/ul>\n<h3 class=\"section-title section-title-center\" style=\"text-align: center;\"><b><\/b><span class=\"section-title-main\">MI\u1ec0N TRUNG<\/span><b><\/b><\/h3>\n<ul>\n<li>V\u01b0\u1eddn 5. L\u00f4 A5 Ph\u1ea1m V\u0103n \u0110\u1ed3ng &#8211; S\u01a1n Tr\u00e0 &#8211; \u0110\u00e0 N\u1eb5ng<\/li>\n<\/ul>\n<h3 class=\"section-title section-title-center\" style=\"text-align: center;\"><b><\/b><span class=\"section-title-main\">MI\u1ec0N NAM<\/span><b><\/b><\/h3>\n<div class=\"accordion\">\n<ul>\n<li>\n<p>V\u01b0\u1eddn 6. 69 Mai Ch\u00ed Th\u1ecd &#8211; An Ph\u00fa &#8211; TP.Th\u1ee7 \u0110\u1ee9c &#8211; TP.HCM<\/p>\n<\/li>\n<\/ul>\n<\/div>\n\t\t\n<style>\n#text-3818796888 {\n  color: rgb(0,0,0);\n}\n#text-3818796888 > * {\n  color: rgb(0,0,0);\n}\n<\/style>\n\t<\/div>\n\t\n\t\t<\/div>\n\t\t\t\t\t<\/div>\n\n\t\n\n\t<div id=\"col-36150059\" class=\"col custom-form-style medium-6 small-12 large-6\"  >\n\t\t\t\t<div class=\"col-inner\"  >\n\t\t\t\n\t\t\t\n[contact-form-7 id=&#8221;9&#8243;]\n\t\t<\/div>\n\t\t\t\t\t<\/div>\n\n\t\n<\/div>\n\n<p><iframe src=\"https:\/\/www.google.com\/maps\/embed?pb=!1m18!1m12!1m3!1d98008.12425369541!2d105.68719879726564!3d21.119442199999998!2m3!1f0!2f0!3f0!3m2!1i1024!2i768!4f13.1!3m3!1m2!1s0x31350165852b09e7%3A0xcdb2066668a89efd!2zVsaw4budbiBUw7luZyBMYSBIw6FuIFRvw6BuIEpQ!5e1!3m2!1svi!2s!4v1756481590507!5m2!1svi!2s\" width=\"100%\" height=\"500\" style=\"border:0;\" allowfullscreen=\"\" loading=\"lazy\" referrerpolicy=\"no-referrer-when-downgrade\"><\/iframe><br \/>\n\n","protected":false},"excerpt":{"rendered":"","protected":false},"author":47,"featured_media":0,"parent":0,"menu_order":0,"comment_status":"closed","ping_status":"closed","template":"","meta":{"footnotes":""},"class_list":["post-233","page","type-page","status-publish","hentry"],"_links":{"self":[{"href":"https:\/\/knstgroup.com\/sites\/he-thong-vuon-tung-toan\/wp-json\/wp\/v2\/pages\/233","targetHints":{"allow":["GET"]}}],"collection":[{"href":"https:\/\/knstgroup.com\/sites\/he-thong-vuon-tung-toan\/wp-json\/wp\/v2\/pages"}],"about":[{"href":"https:\/\/knstgroup.com\/sites\/he-thong-vuon-tung-toan\/wp-json\/wp\/v2\/types\/page"}],"author":[{"embeddable":true,"href":"https:\/\/knstgroup.com\/sites\/he-thong-vuon-tung-toan\/wp-json\/wp\/v2\/users\/47"}],"replies":[{"embeddable":true,"href":"https:\/\/knstgroup.com\/sites\/he-thong-vuon-tung-toan\/wp-json\/wp\/v2\/comments?post=233"}],"version-history":[{"count":6,"href":"https:\/\/knstgroup.com\/sites\/he-thong-vuon-tung-toan\/wp-json\/wp\/v2\/pages\/233\/revisions"}],"predecessor-version":[{"id":242,"href":"https:\/\/knstgroup.com\/sites\/he-thong-vuon-tung-toan\/wp-json\/wp\/v2\/pages\/233\/revisions\/242"}],"wp:attachment":[{"href":"https:\/\/knstgroup.com\/sites\/he-thong-vuon-tung-toan\/wp-json\/wp\/v2\/media?parent=233"}],"curies":[{"name":"wp","href":"https:\/\/api.w.org\/{rel}","templated":true}]}}