 
{"id":861,"date":"2025-01-23T09:17:49","date_gmt":"2025-01-23T02:17:49","guid":{"rendered":"https:\/\/knstgroup.com\/sites\/demo2\/?page_id=861"},"modified":"2025-04-18T08:03:35","modified_gmt":"2025-04-18T01:03:35","slug":"benh-hiem-muon","status":"publish","type":"page","link":"https:\/\/knstgroup.com\/sites\/demo2\/benh-hiem-muon\/","title":{"rendered":"B\u1ec7nh hi\u1ebfm mu\u1ed9n"},"content":{"rendered":"\n\t<section class=\"section\" id=\"section_2081342556\">\n\t\t<div class=\"section-bg fill\" >\n\t\t\t\t\t\t\t\t\t\n\t\t\t\n\n\t\t<\/div>\n\n\t\t\n\n\t\t<div class=\"section-content relative\">\n\t\t\t\n<div class=\"row row-large align-equal align-center\"  id=\"row-2014213699\">\n\n\t<div id=\"col-1972828164\" class=\"col medium-9 small-11 large-4\"  >\n\t\t\t\t<div class=\"col-inner\"  >\n\t\t\t\n\t<div class=\"is-border\"\n\t\tstyle=\"border-color:rgb(39, 54, 71);border-width:0px 20px 20px 0px;margin:20px -20px -20px 20px;\">\n\t<\/div>\n\t\t\t\n\n\t\t<div class=\"icon-box featured-box icon-box-top text-left\"  >\n\t\t\t\t\t<div class=\"icon-box-img\" style=\"width: 60px\">\n\t\t\t\t<div class=\"icon\">\n\t\t\t\t\t<div class=\"icon-inner\" >\n\t\t\t\t\t\t<img loading=\"lazy\" decoding=\"async\" width=\"120\" height=\"120\" src=\"https:\/\/knstgroup.com\/sites\/demo2\/wp-content\/uploads\/sites\/13\/2025\/01\/Frame-1-10.png\" class=\"attachment-medium size-medium\" alt=\"\" \/>\t\t\t\t\t<\/div>\n\t\t\t\t<\/div>\n\t\t\t<\/div>\n\t\t\t\t<div class=\"icon-box-text last-reset\">\n\t\t\t\t\t\t\t\t\t\n\t<div id=\"text-3876997036\" class=\"text\">\n\t\t\n<h3>B\u1ec6NH L\u00dd \u1ede NAM<\/h3>\n\t\t\n<style>\n#text-3876997036 {\n  font-size: 1.25rem;\n  line-height: 2;\n}\n<\/style>\n\t<\/div>\n\t\n\t<div id=\"gap-1260629548\" class=\"gap-element clearfix\" style=\"display:block; height:auto;\">\n\t\t\n<style>\n#gap-1260629548 {\n  padding-top: 10px;\n}\n<\/style>\n\t<\/div>\n\t\n<div id=\"IMAGE243\" class=\"ladi-element\">\n<div class=\"ladi-image\">\n<div class=\"ladi-image-background\"><span style=\"color: #555555;\">Tinh tr\u00f9ng y\u1ebfu, con tinh tr\u00f9ng d\u1ecb d\u1ea1ng nhi\u1ec1u, m\u1eadt \u0111\u1ed9 \u00edt, h\u1ea7u nh\u01b0 kh\u00f4ng c\u00f3 tinh tr\u00f9ng s\u1ed1ng. T\u00ecnh tr\u1ea1ng r\u1ed1i lo\u1ea1n c\u01b0\u01a1ng d\u01b0\u01a1ng, y\u1ebfu sinh l\u00fd, xu\u1ea5t tinh s\u1edbm.<\/span><\/div>\n<\/div>\n<\/div>\n\t<div id=\"gap-1799497689\" class=\"gap-element clearfix\" style=\"display:block; height:auto;\">\n\t\t\n<style>\n#gap-1799497689 {\n  padding-top: 30px;\n}\n<\/style>\n\t<\/div>\n\t\n<a href=\"https:\/\/knstgroup.com\/sites\/demo2\/lien-he\/\" class=\"button secondary is-outline expand\"  style=\"padding:7px 0px 7px 0px;\">\n\t\t<span>\u0110\u1eb7t l\u1ecbch kh\u00e1m<\/span>\n\t<\/a>\n\n\t\t<\/div>\n\t<\/div>\n\t\n\t\n\t\t<\/div>\n\t\t\t\t\t<\/div>\n\n\t\n\n\t<div id=\"col-918127433\" class=\"col medium-9 small-11 large-4\"  >\n\t\t\t\t<div class=\"col-inner\"  >\n\t\t\t\n\t<div class=\"is-border\"\n\t\tstyle=\"border-color:rgb(39, 54, 71);border-width:0px 20px 20px 0px;margin:20px -20px -20px 20px;\">\n\t<\/div>\n\t\t\t\n\n\t\t<div class=\"icon-box featured-box icon-box-top text-left\"  >\n\t\t\t\t\t<div class=\"icon-box-img\" style=\"width: 60px\">\n\t\t\t\t<div class=\"icon\">\n\t\t\t\t\t<div class=\"icon-inner\" >\n\t\t\t\t\t\t<img loading=\"lazy\" decoding=\"async\" width=\"120\" height=\"120\" src=\"https:\/\/knstgroup.com\/sites\/demo2\/wp-content\/uploads\/sites\/13\/2025\/01\/Frame-2-2.png\" class=\"attachment-medium size-medium\" alt=\"\" \/>\t\t\t\t\t<\/div>\n\t\t\t\t<\/div>\n\t\t\t<\/div>\n\t\t\t\t<div class=\"icon-box-text last-reset\">\n\t\t\t\t\t\t\t\t\t\n\t<div id=\"text-2562337990\" class=\"text\">\n\t\t\n<h3>B\u1ec6NH L\u00dd \u1ede N\u1eee<\/h3>\n\t\t\n<style>\n#text-2562337990 {\n  font-size: 1.25rem;\n  line-height: 2;\n}\n<\/style>\n\t<\/div>\n\t\n\t<div id=\"gap-1331241457\" class=\"gap-element clearfix\" style=\"display:block; height:auto;\">\n\t\t\n<style>\n#gap-1331241457 {\n  padding-top: 10px;\n}\n<\/style>\n\t<\/div>\n\t\n<p>N\u1ed9i ti\u1ebft k\u00e9m, v\u00f2i tr\u1ee9ng h\u1eb9p, v\u00f2i tr\u1ee9ng t\u1eafc, tr\u1ee9ng k\u00e9m, kinh nguy\u1ec7t kh\u00f4ng \u0111\u1ec1u, \u0111a nang bu\u1ed3ng tr\u1ee9ng, u nang, u x\u01a1 c\u1ed5 t\u1eed cung, u v\u00fa, l\u1ea1c n\u1ed9i m\u1ea1c. Ni\u00eam m\u1ea1c m\u1ecfng, d\u1ea1 con th\u1ea5p, t\u1eed cung th\u1ea5p hay s\u1ea9y thai do nhi\u1ec1u nguy\u00ean nh\u00e2n.<\/p>\n\t<div id=\"gap-1342237798\" class=\"gap-element clearfix\" style=\"display:block; height:auto;\">\n\t\t\n<style>\n#gap-1342237798 {\n  padding-top: 30px;\n}\n<\/style>\n\t<\/div>\n\t\n<a href=\"https:\/\/knstgroup.com\/sites\/demo2\/lien-he\/\" class=\"button secondary is-outline expand\"  style=\"padding:7px 0px 7px 0px;\">\n\t\t<span>\u0110\u1eb7t l\u1ecbch kh\u00e1m<\/span>\n\t<\/a>\n\n\t\t<\/div>\n\t<\/div>\n\t\n\t\n\t\t<\/div>\n\t\t\t\t\t<\/div>\n\n\t\n\n\t<div id=\"col-268121654\" class=\"col medium-9 small-11 large-4\"  >\n\t\t\t\t<div class=\"col-inner\"  >\n\t\t\t\n\t<div class=\"is-border\"\n\t\tstyle=\"border-color:rgb(39, 54, 71);border-width:0px 20px 20px 0px;margin:20px -20px -20px 20px;\">\n\t<\/div>\n\t\t\t\n\n\t\t<div class=\"icon-box featured-box icon-box-top text-left\"  >\n\t\t\t\t\t<div class=\"icon-box-img\" style=\"width: 60px\">\n\t\t\t\t<div class=\"icon\">\n\t\t\t\t\t<div class=\"icon-inner\" >\n\t\t\t\t\t\t<img loading=\"lazy\" decoding=\"async\" width=\"120\" height=\"120\" src=\"https:\/\/knstgroup.com\/sites\/demo2\/wp-content\/uploads\/sites\/13\/2025\/01\/Frame-3-3.png\" class=\"attachment-medium size-medium\" alt=\"\" \/>\t\t\t\t\t<\/div>\n\t\t\t\t<\/div>\n\t\t\t<\/div>\n\t\t\t\t<div class=\"icon-box-text last-reset\">\n\t\t\t\t\t\t\t\t\t\n\t<div id=\"text-397998064\" class=\"text\">\n\t\t\n<h3>H\u1ed6 TR\u1ee2 S\u1ee8C KH\u1eceE SINH S\u1ea2N<\/h3>\n\t\t\n<style>\n#text-397998064 {\n  font-size: 1.25rem;\n  line-height: 1.25;\n}\n<\/style>\n\t<\/div>\n\t\n\t<div id=\"gap-1931308072\" class=\"gap-element clearfix\" style=\"display:block; height:auto;\">\n\t\t\n<style>\n#gap-1931308072 {\n  padding-top: 10px;\n}\n<\/style>\n\t<\/div>\n\t\n<p>Gi\u00fap an thai, b\u1ed5 thai. Nh\u1eefng ng\u01b0\u1eddi kh\u00f4ng b\u1ecb hi\u1ebfm mu\u1ed9n m\u00e0 mu\u1ed1n c\u00f3 con sinh ra th\u00f4ng minh, kh\u1ecfe m\u1ea1nh, ph\u00f4i t\u1ed1t th\u00ec n\u00ean u\u1ed1ng \u0111\u1ec3 c\u00f3 tr\u1ee9ng v\u00e0 tinh tr\u00f9ng kh\u1ecfe d\u1eabn \u0111\u1ebfn ph\u00f4i kh\u1ecfe v\u00e0 ph\u00e1t tri\u1ec3n h\u01a1n.<\/p>\n\t<div id=\"gap-730187950\" class=\"gap-element clearfix\" style=\"display:block; height:auto;\">\n\t\t\n<style>\n#gap-730187950 {\n  padding-top: 30px;\n}\n<\/style>\n\t<\/div>\n\t\n<a href=\"https:\/\/knstgroup.com\/sites\/demo2\/lien-he\/\" class=\"button secondary is-outline expand\"  style=\"padding:7px 0px 7px 0px;\">\n\t\t<span>\u0110\u1eb7t l\u1ecbch kh\u00e1m<\/span>\n\t<\/a>\n\n\t\t<\/div>\n\t<\/div>\n\t\n\t\n\t\t<\/div>\n\t\t\t\t\t<\/div>\n\n\t\n\n<style>\n#row-2014213699 > .col > .col-inner {\n  padding: 10% 10% 10% 10%;\n  background-color: rgb(255, 255, 255);\n}\n@media (min-width:550px) {\n  #row-2014213699 > .col > .col-inner {\n    padding: 8% 8% 8% 8%;\n  }\n}\n@media (min-width:850px) {\n  #row-2014213699 > .col > .col-inner {\n    padding: 14% 14% 14% 14%;\n  }\n}\n<\/style>\n<\/div>\n\t\t<\/div>\n\n\t\t\n<style>\n#section_2081342556 {\n  padding-top: 75px;\n  padding-bottom: 75px;\n  background-color: #615f30;\n}\n@media (min-width:550px) {\n  #section_2081342556 {\n    padding-top: 80px;\n    padding-bottom: 80px;\n  }\n}\n@media (min-width:850px) {\n  #section_2081342556 {\n    padding-top: 130px;\n    padding-bottom: 130px;\n  }\n}\n<\/style>\n\t<\/section>\n\t\n","protected":false},"excerpt":{"rendered":"","protected":false},"author":1,"featured_media":0,"parent":0,"menu_order":0,"comment_status":"closed","ping_status":"closed","template":"","meta":{"footnotes":""},"class_list":["post-861","page","type-page","status-publish","hentry"],"_links":{"self":[{"href":"https:\/\/knstgroup.com\/sites\/demo2\/wp-json\/wp\/v2\/pages\/861","targetHints":{"allow":["GET"]}}],"collection":[{"href":"https:\/\/knstgroup.com\/sites\/demo2\/wp-json\/wp\/v2\/pages"}],"about":[{"href":"https:\/\/knstgroup.com\/sites\/demo2\/wp-json\/wp\/v2\/types\/page"}],"author":[{"embeddable":true,"href":"https:\/\/knstgroup.com\/sites\/demo2\/wp-json\/wp\/v2\/users\/1"}],"replies":[{"embeddable":true,"href":"https:\/\/knstgroup.com\/sites\/demo2\/wp-json\/wp\/v2\/comments?post=861"}],"version-history":[{"count":4,"href":"https:\/\/knstgroup.com\/sites\/demo2\/wp-json\/wp\/v2\/pages\/861\/revisions"}],"predecessor-version":[{"id":1010,"href":"https:\/\/knstgroup.com\/sites\/demo2\/wp-json\/wp\/v2\/pages\/861\/revisions\/1010"}],"wp:attachment":[{"href":"https:\/\/knstgroup.com\/sites\/demo2\/wp-json\/wp\/v2\/media?parent=861"}],"curies":[{"name":"wp","href":"https:\/\/api.w.org\/{rel}","templated":true}]}}