 
{"id":7,"date":"2017-07-07T01:01:28","date_gmt":"2017-07-06T18:01:28","guid":{"rendered":"https:\/\/bizhostvn.com\/w\/clinic\/?page_id=7"},"modified":"2025-05-21T15:50:54","modified_gmt":"2025-05-21T08:50:54","slug":"ve-chung-toi","status":"publish","type":"page","link":"https:\/\/knstgroup.com\/sites\/demo2\/ve-chung-toi\/","title":{"rendered":"Gi\u1edbi thi\u1ec7u"},"content":{"rendered":"\n\n  <div class=\"banner has-hover\" id=\"banner-590201274\">\n          <div class=\"banner-inner fill\">\n        <div class=\"banner-bg fill\" >\n            <img loading=\"lazy\" decoding=\"async\" width=\"1020\" height=\"680\" src=\"https:\/\/knstgroup.com\/sites\/demo2\/wp-content\/uploads\/sites\/13\/2025\/05\/490805275_592798037149705_7755487654054167647_n-1024x683.jpg\" class=\"bg attachment-large size-large\" alt=\"\" \/>                        <div class=\"overlay\"><\/div>            \n                    <\/div>\n\t\t\n        <div class=\"banner-layers container\">\n            <div class=\"fill banner-link\"><\/div>            \n\n   <div id=\"text-box-1867437285\" class=\"text-box banner-layer x95 md-x10 lg-x10 y20 md-y50 lg-y50 res-text\">\n                                <div class=\"text-box-content text \">\n              \n              <div class=\"text-inner text-center\">\n                  \n\n\t<div id=\"text-431015401\" class=\"text\">\n\t\t\n\n<h4 class=\"uppercase\" style=\"text-align: center\"><span style=\"color: #ffffff\"><b>Ph\u00f2ng kh\u00e1m \u0111\u00f4ng y Nguy\u1ec5n Kim B\u1ea3ng<\/b><\/span><\/h4>\n<p style=\"text-align: center\"><b>\u00a0<\/b><span style=\"font-weight: 400\">chuy\u00ean h\u1ed7 tr\u1ee3 sinh s\u1ea3n, hi\u1ebfm mu\u1ed9n do tinh tr\u00f9ng lo\u00e3ng, xu\u1ea5t tinh s\u1edbm hay d\u1ea1 con th\u1ea5p, kinh nguy\u1ec7t kh\u00f4ng \u0111\u1ec1u, t\u1eafc v\u00f2i tr\u1ee9ng, t\u1eed cung th\u1ea5p&#8230;<\/span><\/p>\n\t\t\n<style>\n#text-431015401 {\n  color: rgb(252, 252, 252);\n}\n#text-431015401 > * {\n  color: rgb(252, 252, 252);\n}\n<\/style>\n\t<\/div>\n\t\n<a href=\"https:\/\/bizhostvn.com\/w\/clinic\/lien-he\/\" target=\"_blank\" class=\"button primary reveal-icon\" rel=\"noopener\"  >\n\t<i class=\"icon-phone\" aria-hidden=\"true\" ><\/i>\t<span>Li\u00ean h\u1ec7<\/span>\n\t<\/a>\n\n\n\n              <\/div>\n           <\/div>\n                            \n<style>\n#text-box-1867437285 {\n  width: 90%;\n}\n#text-box-1867437285 .text-box-content {\n  font-size: 100%;\n}\n@media (min-width:550px) {\n  #text-box-1867437285 {\n    width: 40%;\n  }\n}\n<\/style>\n    <\/div>\n \n\n        <\/div>\n      <\/div>\n\n            \n<style>\n#banner-590201274 {\n  padding-top: 328px;\n}\n#banner-590201274 .overlay {\n  background-color: rgba(237, 102, 0, 0);\n}\n#banner-590201274 .banner-bg img {\n  object-position: 11% 58%;\n}\n<\/style>\n  <\/div>\n\n\n\n\t<section class=\"section\" id=\"section_1964503130\">\n\t\t<div class=\"section-bg fill\" >\n\t\t\t\t\t\t\t\t\t\n\t\t\t\n\n\t\t<\/div>\n\n\t\t\n\n\t\t<div class=\"section-content relative\">\n\t\t\t\n\n<div class=\"row\"  id=\"row-1752602265\">\n\n\n\t<div id=\"col-1877167819\" class=\"col medium-6 small-12 large-6\"  >\n\t\t\t\t<div class=\"col-inner\"  >\n\t\t\t\n\t\t\t\n\n\t<div class=\"img has-hover x md-x lg-x y md-y lg-y\" id=\"image_2058498740\">\n\t\t\t\t\t\t\t\t<div class=\"img-inner image-cover dark\" style=\"padding-top:344px;\">\n\t\t\t<img loading=\"lazy\" decoding=\"async\" width=\"2560\" height=\"1707\" src=\"https:\/\/knstgroup.com\/sites\/demo2\/wp-content\/uploads\/sites\/13\/2025\/05\/DSC8979-scaled.jpg\" class=\"attachment-original size-original\" alt=\"\" srcset=\"https:\/\/knstgroup.com\/sites\/demo2\/wp-content\/uploads\/sites\/13\/2025\/05\/DSC8979-scaled.jpg 2560w, https:\/\/knstgroup.com\/sites\/demo2\/wp-content\/uploads\/sites\/13\/2025\/05\/DSC8979-300x200.jpg 300w, https:\/\/knstgroup.com\/sites\/demo2\/wp-content\/uploads\/sites\/13\/2025\/05\/DSC8979-1024x683.jpg 1024w, https:\/\/knstgroup.com\/sites\/demo2\/wp-content\/uploads\/sites\/13\/2025\/05\/DSC8979-768x512.jpg 768w, https:\/\/knstgroup.com\/sites\/demo2\/wp-content\/uploads\/sites\/13\/2025\/05\/DSC8979-1536x1024.jpg 1536w, https:\/\/knstgroup.com\/sites\/demo2\/wp-content\/uploads\/sites\/13\/2025\/05\/DSC8979-2048x1365.jpg 2048w\" sizes=\"auto, (max-width: 2560px) 100vw, 2560px\" \/>\t\t\t\t\t\t\n\t\t\t\t\t<\/div>\n\t\t\t\t\t\t\t\t\n<style>\n#image_2058498740 {\n  width: 100%;\n}\n<\/style>\n\t<\/div>\n\t\n\n\n\t\t<\/div>\n\t\t\t\t\t<\/div>\n\n\t\n\n\t<div id=\"col-1627724929\" class=\"col medium-6 small-12 large-6\"  >\n\t\t\t\t<div class=\"col-inner\"  >\n\t\t\t\n\t\t\t\n\n\t<div id=\"text-894589458\" class=\"text\">\n\t\t\n\n<h2 style=\"text-align: left\"><span style=\"color: #e14d43\"><b>N\u1ed1i ti\u1ebfp truy\u1ec1n th\u1ed1ng c\u1ee7a c\u1ee5 Nguy\u1ec5n Kim B\u1ea3ng<\/b><\/span><\/h2>\n<p><b>Ph\u00f2ng kh\u00e1m \u0111\u00f4ng y Nguy\u1ec5n Kim B\u1ea3ng <\/b><span style=\"font-weight: 400\">hi\u1ec7n \u0111\u01b0\u1ee3c duy tr\u00ec b\u1edfi hai th\u1ebf h\u1ec7 k\u1ebf c\u1eadn: con trai c\u1ee5 Nguy\u1ec5n Kim B\u1ea3ng l\u00e0 L\u01b0\u01a1ng y Nguy\u1ec5n Kim Nh\u1eadt v\u00e0 ch\u00e1u n\u1ed9i l\u00e0 L\u01b0\u01a1ng y Nguy\u1ec5n Kim C\u01b0\u01a1ng. Ph\u00f2ng kh\u00e1m hi\u1ec7n <span style=\"font-size: 115%\">nh\u1eadn<\/span> \u0111\u01b0\u1ee3c r\u1ea5t nhi\u1ec1u gi\u1ea3i th\u01b0\u1edfng, ch\u1ee9ng nh\u1eadn danh gi\u00e1 nh\u01b0 \u201cNg\u01b0\u1eddi Th\u1ea7y thu\u1ed1c c\u1ee7a Nh\u00e2n d\u00e2n\u201d, \u201cL\u01b0\u01a1ng y ti\u00eau bi\u1ec3u v\u00ec s\u1ef1 nghi\u1ec7p ch\u0103m s\u00f3c s\u1ee9c kh\u1ecfe c\u1ed9ng \u0111\u1ed3ng\u201d&#8230;\u00a0<\/span><\/p>\n\t\t\n<style>\n#text-894589458 {\n  font-size: 1.1rem;\n}\n<\/style>\n\t<\/div>\n\t\n<a class=\"button primary lowercase\"  >\n\t\t<span>Li\u00ean h\u1ec7 ngay<\/span>\n\t<\/a>\n\n\n\n\t\t<\/div>\n\t\t\t\t\t<\/div>\n\n\t\n\n<\/div>\n\n\t\t<\/div>\n\n\t\t\n<style>\n#section_1964503130 {\n  padding-top: 30px;\n  padding-bottom: 30px;\n}\n<\/style>\n\t<\/section>\n\t\n\n\t<section class=\"section\" id=\"section_1369154726\">\n\t\t<div class=\"section-bg fill\" >\n\t\t\t\t\t\t\t\t\t\n\t\t\t\n\n\t\t<\/div>\n\n\t\t\n\n\t\t<div class=\"section-content relative\">\n\t\t\t\n\n<div class=\"row\"  id=\"row-682747378\">\n\n\n\t<div id=\"col-627658551\" class=\"col small-12 large-12\"  >\n\t\t\t\t<div class=\"col-inner\"  >\n\t\t\t\n\t\t\t\n\n\t<div id=\"gap-705438241\" class=\"gap-element clearfix\" style=\"display:block; height:auto;\">\n\t\t\n<style>\n#gap-705438241 {\n  padding-top: 30px;\n}\n<\/style>\n\t<\/div>\n\t\n\n\t<div id=\"text-824602232\" class=\"text\">\n\t\t\n\n<h3 style=\"text-align: center\"><span style=\"font-size: 130%\">\u0110\u1ed8I NG\u0168 L\u01af\u01a0NG Y<\/span><\/h3>\n<p><img loading=\"lazy\" decoding=\"async\" class=\"alignnone size-full wp-image-144 aligncenter\" src=\"https:\/\/knstgroup.com\/sites\/demo2\/wp-content\/uploads\/sites\/13\/2017\/07\/SHARP.png\" alt=\"\" width=\"196\" height=\"50\" \/><\/p>\n\t\t\n<style>\n#text-824602232 {\n  text-align: center;\n}\n<\/style>\n\t<\/div>\n\t\n<div class=\"row\"  id=\"row-1093751148\">\n\n\n\t<div id=\"col-1352927970\" class=\"col medium-6 small-12 large-6\"  >\n\t\t\t\t<div class=\"col-inner\"  >\n\t\t\t\n\t\t\t\n\n\n\t\t<div class=\"icon-box featured-box icon-box-center text-center\"  >\n\t\t\t\t\t<div class=\"icon-box-img\" style=\"width: 203px\">\n\t\t\t\t<div class=\"icon\">\n\t\t\t\t\t<div class=\"icon-inner\" >\n\t\t\t\t\t\t<img loading=\"lazy\" decoding=\"async\" width=\"300\" height=\"200\" src=\"https:\/\/knstgroup.com\/sites\/demo2\/wp-content\/uploads\/sites\/13\/2025\/01\/Ly-Nguyen-Kim-Nhat-300x200.jpg\" class=\"attachment-medium size-medium\" alt=\"\" srcset=\"https:\/\/knstgroup.com\/sites\/demo2\/wp-content\/uploads\/sites\/13\/2025\/01\/Ly-Nguyen-Kim-Nhat-300x200.jpg 300w, https:\/\/knstgroup.com\/sites\/demo2\/wp-content\/uploads\/sites\/13\/2025\/01\/Ly-Nguyen-Kim-Nhat-1024x683.jpg 1024w, https:\/\/knstgroup.com\/sites\/demo2\/wp-content\/uploads\/sites\/13\/2025\/01\/Ly-Nguyen-Kim-Nhat-768x512.jpg 768w, https:\/\/knstgroup.com\/sites\/demo2\/wp-content\/uploads\/sites\/13\/2025\/01\/Ly-Nguyen-Kim-Nhat.jpg 1440w\" sizes=\"auto, (max-width: 300px) 100vw, 300px\" \/>\t\t\t\t\t<\/div>\n\t\t\t\t<\/div>\n\t\t\t<\/div>\n\t\t\t\t<div class=\"icon-box-text last-reset\">\n\t\t\t\t\t\t\t\t\t\n\n<h2 class=\"uppercase\" style=\"text-align: center\"><span style=\"color: #ff6600\" data-sheets-root=\"1\">L\u01af\u01a0NG Y Nguy\u1ec5n Kim Nh\u1eadt<\/span><\/h2>\n<p style=\"text-align: center\">H\u01a1n n\u1eeda th\u1ebf k\u1ef7 g\u1eafn b\u00f3 v\u1edbi ngh\u1ec1, L\u01b0\u01a1ng y Nguy\u1ec5n Kim Nh\u1eadt kh\u00f4ng ch\u1ec9 n\u1ed5i danh b\u1edfi tay ngh\u1ec1 v\u1eefng v\u00e0ng m\u00e0 c\u00f2n b\u1edfi c\u00e1i t\u00e2m trong s\u00e1ng c\u1ee7a ng\u01b0\u1eddi th\u1ea7y thu\u1ed1c lu\u00f4n h\u1ebft l\u00f2ng v\u00ec ng\u01b0\u1eddi b\u1ec7nh. \u1ede tu\u1ed5i 70, L\u01b0\u01a1ng y Nh\u1eadt v\u1eabn mi\u1ec7t m\u00e0i th\u0103m kh\u00e1m, l\u00e0 ng\u01b0\u1eddi g\u00ecn gi\u1eef v\u00e0 truy\u1ec1n l\u1ea1i tr\u1ecdn v\u1eb9n tinh hoa y h\u1ecdc c\u1ed5 truy\u1ec1n cho th\u1ebf h\u1ec7 sau.<\/p>\n\n\t\t<\/div>\n\t<\/div>\n\t\n\t\n\n\t\t<\/div>\n\t\t\t\t\t<\/div>\n\n\t\n\n\t<div id=\"col-977737332\" class=\"col medium-6 small-12 large-6\"  >\n\t\t\t\t<div class=\"col-inner\"  >\n\t\t\t\n\t\t\t\n\n\n\t\t<div class=\"icon-box featured-box icon-box-center text-center\"  >\n\t\t\t\t\t<div class=\"icon-box-img\" style=\"width: 217px\">\n\t\t\t\t<div class=\"icon\">\n\t\t\t\t\t<div class=\"icon-inner\" >\n\t\t\t\t\t\t<img loading=\"lazy\" decoding=\"async\" width=\"300\" height=\"200\" src=\"https:\/\/knstgroup.com\/sites\/demo2\/wp-content\/uploads\/sites\/13\/2025\/01\/Ly-Nguyen-Kim-Cuong-300x200.jpg\" class=\"attachment-medium size-medium\" alt=\"\" srcset=\"https:\/\/knstgroup.com\/sites\/demo2\/wp-content\/uploads\/sites\/13\/2025\/01\/Ly-Nguyen-Kim-Cuong-300x200.jpg 300w, https:\/\/knstgroup.com\/sites\/demo2\/wp-content\/uploads\/sites\/13\/2025\/01\/Ly-Nguyen-Kim-Cuong-1024x683.jpg 1024w, https:\/\/knstgroup.com\/sites\/demo2\/wp-content\/uploads\/sites\/13\/2025\/01\/Ly-Nguyen-Kim-Cuong-768x512.jpg 768w, https:\/\/knstgroup.com\/sites\/demo2\/wp-content\/uploads\/sites\/13\/2025\/01\/Ly-Nguyen-Kim-Cuong.jpg 1440w\" sizes=\"auto, (max-width: 300px) 100vw, 300px\" \/>\t\t\t\t\t<\/div>\n\t\t\t\t<\/div>\n\t\t\t<\/div>\n\t\t\t\t<div class=\"icon-box-text last-reset\">\n\t\t\t\t\t\t\t\t\t\n\n<h2 class=\"uppercase\" style=\"text-align: center\"><span style=\"color: #ff6600\" data-sheets-root=\"1\">L\u01af\u01a0NG Y Nguy\u1ec5n Kim C\u01b0\u01a1ng<\/span><\/h2>\n<p data-start=\"564\" data-end=\"1049\">\u00a0V\u1edbi n\u1ec1n t\u1ea3ng ki\u1ebfn th\u1ee9c \u0111\u01b0\u1ee3c b\u1ed3i \u0111\u1eafp t\u1eeb nh\u1ecf v\u00e0 s\u1ef1 \u0111\u00e0o s\u00e2u h\u1ecdc h\u1ecfi c\u1ea3 \u0110\u00f4ng \u2013 T\u00e2y y, L\u01b0\u01a1ng y Nguy\u1ec5n Kim C\u01b0\u01a1ng l\u00e0 ng\u01b0\u1eddi ph\u00e1t tri\u1ec3n ph\u01b0\u01a1ng ph\u00e1p &#8220;b\u1ed5 t\u1eeb g\u1ed1c&#8221;, k\u1ebft h\u1ee3p tinh hoa c\u1ed5 truy\u1ec1n v\u1edbi khoa h\u1ecdc hi\u1ec7n \u0111\u1ea1i. Anh \u0111\u1ea1i di\u1ec7n cho th\u1ebf h\u1ec7 th\u1ea7y thu\u1ed1c m\u1edbi \u2013 v\u1eeba gi\u1eef g\u00ecn c\u1ed1t l\u00f5i truy\u1ec1n th\u1ed1ng, v\u1eeba kh\u00f4ng ng\u1eebng \u0111\u1ed5i m\u1edbi \u0111\u1ec3 h\u1ed7 tr\u1ee3 t\u1ed1t h\u01a1n cho s\u1ee9c kh\u1ecfe sinh s\u1ea3n v\u00e0 th\u1ec3 tr\u1ea1ng c\u1ee7a kh\u00e1ch h\u00e0ng h\u00f4m nay.<\/p>\n\n\t\t<\/div>\n\t<\/div>\n\t\n\t\n\n\t\t<\/div>\n\t\t\t\t\t<\/div>\n\n\t\n\n\n<\/div>\n\n\t\t<\/div>\n\t\t\t\t\t<\/div>\n\n\t\n\n<\/div>\n\n\t\t<\/div>\n\n\t\t\n<style>\n#section_1369154726 {\n  padding-top: 30px;\n  padding-bottom: 30px;\n  background-color: rgb(255, 252, 248);\n}\n<\/style>\n\t<\/section>\n\t\n\n","protected":false},"excerpt":{"rendered":"","protected":false},"author":1,"featured_media":0,"parent":0,"menu_order":0,"comment_status":"closed","ping_status":"closed","template":"page-blank.php","meta":{"footnotes":""},"class_list":["post-7","page","type-page","status-publish","hentry"],"_links":{"self":[{"href":"https:\/\/knstgroup.com\/sites\/demo2\/wp-json\/wp\/v2\/pages\/7","targetHints":{"allow":["GET"]}}],"collection":[{"href":"https:\/\/knstgroup.com\/sites\/demo2\/wp-json\/wp\/v2\/pages"}],"about":[{"href":"https:\/\/knstgroup.com\/sites\/demo2\/wp-json\/wp\/v2\/types\/page"}],"author":[{"embeddable":true,"href":"https:\/\/knstgroup.com\/sites\/demo2\/wp-json\/wp\/v2\/users\/1"}],"replies":[{"embeddable":true,"href":"https:\/\/knstgroup.com\/sites\/demo2\/wp-json\/wp\/v2\/comments?post=7"}],"version-history":[{"count":36,"href":"https:\/\/knstgroup.com\/sites\/demo2\/wp-json\/wp\/v2\/pages\/7\/revisions"}],"predecessor-version":[{"id":1154,"href":"https:\/\/knstgroup.com\/sites\/demo2\/wp-json\/wp\/v2\/pages\/7\/revisions\/1154"}],"wp:attachment":[{"href":"https:\/\/knstgroup.com\/sites\/demo2\/wp-json\/wp\/v2\/media?parent=7"}],"curies":[{"name":"wp","href":"https:\/\/api.w.org\/{rel}","templated":true}]}}