 
{"id":17,"date":"2017-07-07T01:02:17","date_gmt":"2017-07-06T18:02:17","guid":{"rendered":"https:\/\/bizhostvn.com\/w\/clinic\/?page_id=17"},"modified":"2025-05-21T16:00:54","modified_gmt":"2025-05-21T09:00:54","slug":"lien-he","status":"publish","type":"page","link":"https:\/\/knstgroup.com\/sites\/demo2\/lien-he\/","title":{"rendered":"Li\u00ean h\u1ec7"},"content":{"rendered":"\n\t<div class=\"img has-hover x md-x lg-x y md-y lg-y\" id=\"image_1732416116\">\n\t\t\t\t<div data-parallax-fade=\"true\" data-parallax=\"5\">\t\t\t\t<div class=\"img-inner image-cover dark\" style=\"padding-top:400px;\">\n\t\t\t<img loading=\"lazy\" decoding=\"async\" width=\"2126\" height=\"1500\" src=\"https:\/\/knstgroup.com\/sites\/demo2\/wp-content\/uploads\/sites\/13\/2025\/05\/z5120108747266_244a9483eecc70d767b1381bde51c7fb.jpg\" class=\"attachment-original size-original\" alt=\"\" srcset=\"https:\/\/knstgroup.com\/sites\/demo2\/wp-content\/uploads\/sites\/13\/2025\/05\/z5120108747266_244a9483eecc70d767b1381bde51c7fb.jpg 2126w, https:\/\/knstgroup.com\/sites\/demo2\/wp-content\/uploads\/sites\/13\/2025\/05\/z5120108747266_244a9483eecc70d767b1381bde51c7fb-300x212.jpg 300w, https:\/\/knstgroup.com\/sites\/demo2\/wp-content\/uploads\/sites\/13\/2025\/05\/z5120108747266_244a9483eecc70d767b1381bde51c7fb-1024x722.jpg 1024w, https:\/\/knstgroup.com\/sites\/demo2\/wp-content\/uploads\/sites\/13\/2025\/05\/z5120108747266_244a9483eecc70d767b1381bde51c7fb-768x542.jpg 768w, https:\/\/knstgroup.com\/sites\/demo2\/wp-content\/uploads\/sites\/13\/2025\/05\/z5120108747266_244a9483eecc70d767b1381bde51c7fb-1536x1084.jpg 1536w, https:\/\/knstgroup.com\/sites\/demo2\/wp-content\/uploads\/sites\/13\/2025\/05\/z5120108747266_244a9483eecc70d767b1381bde51c7fb-2048x1445.jpg 2048w\" sizes=\"auto, (max-width: 2126px) 100vw, 2126px\" \/>\t\t\t\t\t\t\n\t\t\t\t\t<\/div>\n\t\t\t\t<\/div>\t\t\t\t\n<style>\n#image_1732416116 {\n  width: 100%;\n}\n<\/style>\n\t<\/div>\n\t\n\n<div class=\"row\"  id=\"row-1493565667\">\n\n\n\t<div id=\"col-954495125\" class=\"col small-12 large-12\"  >\n\t\t\t\t<div class=\"col-inner\"  >\n\t\t\t\n\t\t\t\n\n\t<div id=\"gap-2092623686\" class=\"gap-element clearfix\" style=\"display:block; height:auto;\">\n\t\t\n<style>\n#gap-2092623686 {\n  padding-top: 10px;\n}\n<\/style>\n\t<\/div>\n\t\n\n\t<div id=\"text-2628744224\" class=\"text\">\n\t\t\n\n<h3 style=\"text-align: center\"><em>Ch\u00fang t\u00f4i hy v\u1ecdng s\u1ebd \u0111\u01b0\u1ee3c c\u00f9ng b\u1ea1n vi\u1ebft ti\u1ebfp h\u00e0nh tr\u00ecnh, \u0111\u1ec3 ti\u1ebfng c\u01b0\u1eddi tr\u1ebb th\u01a1 s\u1edbm ng\u00e2n vang&#8230;.<\/em><\/h3>\n\t\t\n<style>\n#text-2628744224 {\n  text-align: center;\n  color: #bb0505;\n}\n#text-2628744224 > * {\n  color: #bb0505;\n}\n<\/style>\n\t<\/div>\n\t\n\n\t\t<\/div>\n\t\t\t\t\t<\/div>\n\n\t\n\n<\/div>\n<\/p>\n\n\t<section class=\"section\" id=\"section_1334988426\">\n\t\t<div class=\"section-bg fill\" >\n\t\t\t\t\t\t\t\t\t\n\t\t\t\n\n\t\t<\/div>\n\n\t\t\n\n\t\t<div class=\"section-content relative\">\n\t\t\t\n\n\t<div id=\"gap-1811954093\" class=\"gap-element clearfix\" style=\"display:block; height:auto;\">\n\t\t\n<style>\n#gap-1811954093 {\n  padding-top: 30px;\n}\n<\/style>\n\t<\/div>\n\t\n\n<div class=\"row\"  id=\"row-1863799488\">\n\n\n\t<div id=\"col-1166013512\" class=\"col small-12 large-12\"  >\n\t\t\t\t<div class=\"col-inner\"  >\n\t\t\t\n\t\t\t\n\n<div class=\"row row-collapse align-equal\"  id=\"row-856908090\">\n\n\n\t<div id=\"col-729117523\" class=\"col medium-12 small-12 large-6\"  >\n\t\t\t\t<div class=\"col-inner\"  >\n\t\t\t\n\t\t\t\n\n\n  <div class=\"banner has-hover has-parallax\" id=\"banner-557141306\">\n          <div class=\"banner-inner fill\">\n        <div class=\"banner-bg fill\" data-parallax=\"-4\" data-parallax-container=\".banner\" data-parallax-background>\n            <img loading=\"lazy\" decoding=\"async\" width=\"2048\" height=\"1365\" src=\"https:\/\/knstgroup.com\/sites\/demo2\/wp-content\/uploads\/sites\/13\/2025\/05\/1-2048x1365.jpg\" class=\"bg attachment-2048x2048 size-2048x2048\" alt=\"\" \/>                                    \n                    <\/div>\n\t\t\n        <div class=\"banner-layers container\">\n            <div class=\"fill banner-link\"><\/div>            \n\n\n        <\/div>\n      <\/div>\n\n            \n<style>\n#banner-557141306 {\n  padding-top: 99.99%;\n  background-color: rgb(255, 255, 255);\n}\n#banner-557141306 .banner-bg img {\n  object-position: 33% 50%;\n}\n@media (min-width:550px) {\n  #banner-557141306 {\n    padding-top: 425px;\n  }\n}\n<\/style>\n  <\/div>\n\n\n\n\t\t<\/div>\n\t\t\t\t\t<\/div>\n\n\t\n\n\t<div id=\"col-1782019420\" class=\"col medium-12 small-12 large-6\"  >\n\t\t\t\t<div class=\"col-inner\"  >\n\t\t\t\n\t\t\t\n\n\t<div id=\"gap-936526624\" class=\"gap-element clearfix\" style=\"display:block; height:auto;\">\n\t\t\n<style>\n#gap-936526624 {\n  padding-top: 15px;\n}\n<\/style>\n\t<\/div>\n\t\n\n<h2>\u0110\u1eb7t L\u1ecbch Kh\u00e1m<\/h2>\n\t<div id=\"gap-727666319\" class=\"gap-element clearfix\" style=\"display:block; height:auto;\">\n\t\t\n<style>\n#gap-727666319 {\n  padding-top: 15px;\n}\n<\/style>\n\t<\/div>\n\t\n\n[contact-form-7 id=&#8221;1117&#8243;]\n\n\t\t<\/div>\n\t\t\t\t\n<style>\n#col-1782019420 > .col-inner {\n  padding: 30px 30px 10px 30px;\n}\n@media (min-width:550px) {\n  #col-1782019420 > .col-inner {\n    padding: 60px 60px 40px 60px;\n  }\n}\n@media (min-width:850px) {\n  #col-1782019420 > .col-inner {\n    padding: 60px 60px 30px 60px;\n  }\n}\n<\/style>\n\t<\/div>\n\n\t\n\n\n<style>\n#row-856908090 > .col > .col-inner {\n  background-color: rgb(255, 255, 255);\n}\n<\/style>\n<\/div>\n\n\t\t<\/div>\n\t\t\t\t\t<\/div>\n\n\t\n\n<\/div>\n\n\t\t<\/div>\n\n\t\t\n<style>\n#section_1334988426 {\n  padding-top: 60px;\n  padding-bottom: 60px;\n  background-color: rgb(34, 54, 44);\n}\n<\/style>\n\t<\/section>\n\t\n\n","protected":false},"excerpt":{"rendered":"","protected":false},"author":1,"featured_media":0,"parent":0,"menu_order":0,"comment_status":"closed","ping_status":"closed","template":"","meta":{"footnotes":""},"class_list":["post-17","page","type-page","status-publish","hentry"],"_links":{"self":[{"href":"https:\/\/knstgroup.com\/sites\/demo2\/wp-json\/wp\/v2\/pages\/17","targetHints":{"allow":["GET"]}}],"collection":[{"href":"https:\/\/knstgroup.com\/sites\/demo2\/wp-json\/wp\/v2\/pages"}],"about":[{"href":"https:\/\/knstgroup.com\/sites\/demo2\/wp-json\/wp\/v2\/types\/page"}],"author":[{"embeddable":true,"href":"https:\/\/knstgroup.com\/sites\/demo2\/wp-json\/wp\/v2\/users\/1"}],"replies":[{"embeddable":true,"href":"https:\/\/knstgroup.com\/sites\/demo2\/wp-json\/wp\/v2\/comments?post=17"}],"version-history":[{"count":35,"href":"https:\/\/knstgroup.com\/sites\/demo2\/wp-json\/wp\/v2\/pages\/17\/revisions"}],"predecessor-version":[{"id":1157,"href":"https:\/\/knstgroup.com\/sites\/demo2\/wp-json\/wp\/v2\/pages\/17\/revisions\/1157"}],"wp:attachment":[{"href":"https:\/\/knstgroup.com\/sites\/demo2\/wp-json\/wp\/v2\/media?parent=17"}],"curies":[{"name":"wp","href":"https:\/\/api.w.org\/{rel}","templated":true}]}}