 
{"id":159,"date":"2024-12-20T09:08:42","date_gmt":"2024-12-20T09:08:42","guid":{"rendered":"https:\/\/knstgroup.com\/sites\/anneco\/?page_id=159"},"modified":"2024-12-22T09:51:33","modified_gmt":"2024-12-22T09:51:33","slug":"tkqc-invoice","status":"publish","type":"page","link":"https:\/\/knstgroup.com\/sites\/anneco\/tkqc-invoice\/","title":{"rendered":"TKQC INVOICE"},"content":{"rendered":"\n  <div class=\"banner has-hover\" id=\"banner-894925537\">\n          <div class=\"banner-inner fill\">\n        <div class=\"banner-bg fill\" >\n                                                \n                    <\/div>\n\t\t\n        <div class=\"banner-layers container\">\n            <div class=\"fill banner-link\"><\/div>            \n   <div id=\"text-box-876960957\" class=\"text-box banner-layer x0 md-x0 lg-x0 y50 md-y50 lg-y50 res-text\">\n                                <div class=\"text-box-content text \">\n              \n              <div class=\"text-inner text-center\">\n                  \n\t<div id=\"text-1582266769\" class=\"text\">\n\t\t\n<h1 style=\"text-align: center;\">CHO THU\u00ca T\u00c0I KHO\u1ea2N QU\u1ea2NG C\u00c1O INVOICE<\/h1>\n<p style=\"text-align: center;\">CHI PH\u00cd CH\u1ec8 T\u1eea 0.5%<\/p>\n\t\t\n<style>\n#text-1582266769 {\n  line-height: 2;\n}\n<\/style>\n\t<\/div>\n\t\n              <\/div>\n           <\/div>\n                            \n<style>\n#text-box-876960957 {\n  width: 53%;\n}\n#text-box-876960957 .text-box-content {\n  font-size: 100%;\n}\n<\/style>\n    <\/div>\n \n\t<div class=\"img has-hover x90 md-x90 lg-x90 y50 md-y50 lg-y50\" id=\"image_298501449\">\n\t\t\t\t\t\t\t\t<div class=\"img-inner dark\" >\n\t\t\t<img loading=\"lazy\" decoding=\"async\" width=\"1020\" height=\"985\" src=\"https:\/\/knstgroup.com\/sites\/anneco\/wp-content\/uploads\/sites\/14\/2024\/12\/invoi-1024x989.png\" class=\"attachment-large size-large\" alt=\"\" srcset=\"https:\/\/knstgroup.com\/sites\/anneco\/wp-content\/uploads\/sites\/14\/2024\/12\/invoi-1024x989.png 1024w, https:\/\/knstgroup.com\/sites\/anneco\/wp-content\/uploads\/sites\/14\/2024\/12\/invoi-300x290.png 300w, https:\/\/knstgroup.com\/sites\/anneco\/wp-content\/uploads\/sites\/14\/2024\/12\/invoi-768x742.png 768w, https:\/\/knstgroup.com\/sites\/anneco\/wp-content\/uploads\/sites\/14\/2024\/12\/invoi-1536x1483.png 1536w, https:\/\/knstgroup.com\/sites\/anneco\/wp-content\/uploads\/sites\/14\/2024\/12\/invoi-2048x1978.png 2048w\" sizes=\"auto, (max-width: 1020px) 100vw, 1020px\" \/>\t\t\t\t\t\t\n\t\t\t\t\t<\/div>\n\t\t\t\t\t\t\t\t\n<style>\n#image_298501449 {\n  width: 36%;\n}\n<\/style>\n\t<\/div>\n\t\n        <\/div>\n      <\/div>\n\n            \n<style>\n#banner-894925537 {\n  padding-top: 500px;\n  background-color: rgba(0, 0, 0, 0);\n}\n<\/style>\n  <\/div>\n\n\n<div class=\"row\"  id=\"row-269194187\">\n\n\t<div id=\"col-1997467309\" class=\"col medium-2 small-12 large-2\"  >\n\t\t\t\t<div class=\"col-inner\"  >\n\t\t\t\n\t\t\t\n\t\t<\/div>\n\t\t\t\t\t<\/div>\n\n\t\n\n\t<div id=\"col-347052652\" class=\"col medium-8 small-12 large-8\"  >\n\t\t\t\t<div class=\"col-inner\"  >\n\t\t\t\n\t\t\t\n<p style=\"text-align: center;\">Nhi\u1ec1u doanh nghi\u1ec7p hay c\u00e1 nh\u00e2n th\u01b0\u1eddng t\u1ef1 ch\u1ea1y chi\u1ebfn d\u1ecbch qu\u1ea3ng c\u00e1o b\u1eb1ng t\u00e0i kho\u1ea3n Ads c\u1ee7a m\u00ecnh. Tuy nhi\u00ean, t\u00e0i kho\u1ea3n c\u00e1 nh\u00e2n th\u01b0\u1eddng kh\u00f4ng \u0111\u01b0\u1ee3c x\u00e1c nh\u1eadn l\u00e0 uy t\u00edn, kh\u00f4ng \u0111\u01b0\u1ee3c t\u1ed1i \u01b0u gi\u00e1 th\u1ea7u hay m\u1ee9c \u0111\u1ed9 \u01b0u ti\u00ean v\u1ec1 c\u1eadp nh\u1eadt c\u0169ng nh\u01b0 h\u1ed7 tr\u1ee3 nhanh ch\u00f3ng c\u00e1c v\u1ea5n \u0111\u1ec1 trong qu\u00e1 tr\u00ecnh ch\u1ea1y qu\u1ea3ng c\u00e1o.<\/p>\n<p style=\"text-align: center;\">\u200b<\/p>\n<p style=\"text-align: center;\">Kh\u00f4ng ch\u1ec9 v\u1eady, c\u00e1c t\u00e0i kho\u1ea3n c\u00e1 nh\u00e2n hay t\u00e0i kho\u1ea3n doanh nghi\u1ec7p ch\u01b0a \u0111\u01b0\u1ee3c x\u00e1c minh c\u00f2n v\u01b0\u1edbng ph\u1ea3i: Ph\u00ea duy\u1ec7t qu\u1ea3ng c\u00e1o ch\u1eadm, d\u1ec5 b\u1ecb h\u1ea1n ch\u1ebf chi ti\u00eau, gi\u00e1 th\u1ea7u qu\u1ea3ng c\u00e1o cao, t\u00e0i kho\u1ea3n d\u1ec5 b\u1ecb kh\u00f3a do vi ph\u1ea1m ch\u00ednh s\u00e1ch&#8230;<\/p>\n\t\t<\/div>\n\t\t\t\t\t<\/div>\n\n\t\n\n\t<div id=\"col-1813820521\" class=\"col medium-2 small-12 large-2\"  >\n\t\t\t\t<div class=\"col-inner\"  >\n\t\t\t\n\t\t\t\n\t\t<\/div>\n\t\t\t\t\t<\/div>\n\n\t\n<\/div>\n<div class=\"row\"  id=\"row-323002670\">\n\n\t<div id=\"col-1573113978\" class=\"col small-12 large-12\"  >\n\t\t\t\t<div class=\"col-inner\"  >\n\t\t\t\n\t\t\t\n<h2 class=\"uppercase\" style=\"text-align: center;\"><strong>V\u00cc SAO N\u00caN THU\u00ca T\u00c0I KHO\u1ea2N QU\u1ea2NG C\u00c1O <\/strong><\/h2>\n\t\t<\/div>\n\t\t\t\t\t<\/div>\n\n\t\n\n\t<div id=\"col-112824682\" class=\"col medium-4 small-12 large-4\"  >\n\t\t\t\t<div class=\"col-inner\"  >\n\t\t\t\n\t\t\t\n\t<div class=\"box has-hover   has-hover box-text-bottom\" >\n\n\t\t<div class=\"box-image\" style=\"width:50%;\">\n\t\t\t\t\t\t<div class=\"\" >\n\t\t\t\t<img loading=\"lazy\" decoding=\"async\" width=\"188\" height=\"188\" src=\"https:\/\/knstgroup.com\/sites\/anneco\/wp-content\/uploads\/sites\/14\/2024\/12\/7602960.png\" class=\"attachment- size-\" alt=\"\" srcset=\"https:\/\/knstgroup.com\/sites\/anneco\/wp-content\/uploads\/sites\/14\/2024\/12\/7602960.png 188w, https:\/\/knstgroup.com\/sites\/anneco\/wp-content\/uploads\/sites\/14\/2024\/12\/7602960-150x150.png 150w\" sizes=\"auto, (max-width: 188px) 100vw, 188px\" \/>\t\t\t\t\t\t\t\t\t\t\t<\/div>\n\t\t\t\t\t<\/div>\n\n\t\t<div class=\"box-text text-center\" >\n\t\t\t<div class=\"box-text-inner\">\n\t\t\t\t\n<h3><strong>Chi Ti\u00eau Kh\u00f4ng Gi\u1edbi H\u1ea1n<\/strong><\/h3>\n<p>C\u00e1 nh\u00e2n, doanh nghi\u1ec7p tho\u1ea3i m\u00e1i<\/p>\n<p>chi ti\u00eau v\u1edbi ng\u00e2n s\u00e1ch l\u1edbn l\u00ean \u0111\u1ebfn<\/p>\n<p>h\u01a1n 50 tri\u1ec7u m\u1ed9t ng\u00e0y.<\/p>\n\t\t\t<\/div>\n\t\t<\/div>\n\t<\/div>\n\t\n\t\t<\/div>\n\t\t\t\t\t<\/div>\n\n\t\n\n\t<div id=\"col-1771420239\" class=\"col medium-4 small-12 large-4\"  >\n\t\t\t\t<div class=\"col-inner\"  >\n\t\t\t\n\t\t\t\n\t<div class=\"box has-hover   has-hover box-text-bottom\" >\n\n\t\t<div class=\"box-image\" style=\"width:50%;\">\n\t\t\t\t\t\t<div class=\"\" >\n\t\t\t\t<img loading=\"lazy\" decoding=\"async\" width=\"188\" height=\"188\" src=\"https:\/\/knstgroup.com\/sites\/anneco\/wp-content\/uploads\/sites\/14\/2024\/12\/3361197.png\" class=\"attachment- size-\" alt=\"\" srcset=\"https:\/\/knstgroup.com\/sites\/anneco\/wp-content\/uploads\/sites\/14\/2024\/12\/3361197.png 188w, https:\/\/knstgroup.com\/sites\/anneco\/wp-content\/uploads\/sites\/14\/2024\/12\/3361197-150x150.png 150w\" sizes=\"auto, (max-width: 188px) 100vw, 188px\" \/>\t\t\t\t\t\t\t\t\t\t\t<\/div>\n\t\t\t\t\t<\/div>\n\n\t\t<div class=\"box-text text-center\" >\n\t\t\t<div class=\"box-text-inner\">\n\t\t\t\t\n<h3><strong>H\u1ed5 Tr\u1ee3, Gi\u00e1m S\u00e1t, T\u01b0 V\u1ea5n<\/strong><\/h3>\n<p class=\"font_7 wixui-rich-text__text\"><span class=\"wixui-rich-text__text\">B\u1ea1n s\u1ebd \u0111\u01b0\u1ee3c h\u1ed7 tr\u1ee3 nhanh ch\u00f3ng t\u1eeb ch\u00fang t\u00f4i v\u00e0 nh\u00e0 qu\u1ea3ng c\u00e1o, \u0111\u1ea3m b\u1ea3o qu\u1ea3ng c\u00e1o kh\u00f4ng b\u1ecb gi\u00e1n \u0111o\u1ea1n v\u00e0<\/span><span class=\"wixui-rich-text__text\">\u0111\u1ea1t \u0111\u01b0\u1ee3c hi\u1ec7u qu\u1ea3 t\u1ed1i \u0111a.<\/span><\/p>\n\t\t\t<\/div>\n\t\t<\/div>\n\t<\/div>\n\t\n\t\t<\/div>\n\t\t\t\t\t<\/div>\n\n\t\n\n\t<div id=\"col-945044422\" class=\"col medium-4 small-12 large-4\"  >\n\t\t\t\t<div class=\"col-inner\"  >\n\t\t\t\n\t\t\t\n\t<div class=\"box has-hover   has-hover box-text-bottom\" >\n\n\t\t<div class=\"box-image\" style=\"width:50%;\">\n\t\t\t\t\t\t<div class=\"\" >\n\t\t\t\t<img loading=\"lazy\" decoding=\"async\" width=\"188\" height=\"188\" src=\"https:\/\/knstgroup.com\/sites\/anneco\/wp-content\/uploads\/sites\/14\/2024\/12\/1295040-200.png\" class=\"attachment- size-\" alt=\"\" srcset=\"https:\/\/knstgroup.com\/sites\/anneco\/wp-content\/uploads\/sites\/14\/2024\/12\/1295040-200.png 188w, https:\/\/knstgroup.com\/sites\/anneco\/wp-content\/uploads\/sites\/14\/2024\/12\/1295040-200-150x150.png 150w\" sizes=\"auto, (max-width: 188px) 100vw, 188px\" \/>\t\t\t\t\t\t\t\t\t\t\t<\/div>\n\t\t\t\t\t<\/div>\n\n\t\t<div class=\"box-text text-center\" >\n\t\t\t<div class=\"box-text-inner\">\n\t\t\t\t\n<h3><strong>\u1ed4n \u0110\u1ecbnh L\u00e2u D\u00e0i<\/strong><\/h3>\n<p class=\"font_7 wixui-rich-text__text\"><span class=\"wixui-rich-text__text\">C\u00e1c doanh nghi\u1ec7p, c\u00e1 nh\u00e2n s\u1ebd \u0111\u01b0\u1ee3c ph\u00e9p th\u1ef1c hi\u1ec7n c\u00e1c chi\u1ebfn d\u1ecbch <\/span><span class=\"wixui-rich-text__text\">qu\u1ea3ng c\u00e1o c\u1ee7a m\u00ecnh v\u1edbi t\u00e0i kho\u1ea3n <\/span><span class=\"wixui-rich-text__text\">\u0111\u1ea1i l\u00fd, \u1ed5n \u0111\u1ecbnh, ch\u1ea5t l\u01b0\u1ee3ng h\u01a1n.<\/span><\/p>\n\t\t\t<\/div>\n\t\t<\/div>\n\t<\/div>\n\t\n\t\t<\/div>\n\t\t\t\t\t<\/div>\n\n\t\n<\/div>\n\n\t<section class=\"section\" id=\"section_594834959\">\n\t\t<div class=\"section-bg fill\" >\n\t\t\t\t\t\t\t\t\t\n\t\t\t\n\n\t\t<\/div>\n\n\t\t\n\n\t\t<div class=\"section-content relative\">\n\t\t\t\n<div class=\"row\"  id=\"row-630059537\">\n\n\t<div id=\"col-1324803106\" class=\"col small-12 large-12\"  >\n\t\t\t\t<div class=\"col-inner\"  >\n\t\t\t\n\t\t\t\n<h2 style=\"text-align: center;\"><strong>\u200bC\u00c1C D\u1ecaCH V\u1ee4 C\u1ee6A CH\u00daNG T\u00d4I<\/strong><\/h2>\n\t\t<\/div>\n\t\t\t\t\t<\/div>\n\n\t\n\n\t<div id=\"col-1781284061\" class=\"col medium-2 small-6 large-2\"  >\n\t\t\t\t<div class=\"col-inner\"  >\n\t\t\t\n\t\t\t\n\t\t<\/div>\n\t\t\t\t\t<\/div>\n\n\t\n\n\t<div id=\"col-1244117789\" class=\"col medium-4 small-6 large-4\"  >\n\t\t\t\t<div class=\"col-inner text-center\"  >\n\t\t\t\n\t\t\t\n<h3><strong>T\u00c0I KHO\u1ea2N FACEBOOK INVOICE<\/strong><\/h3>\n\t<div class=\"box has-hover   has-hover box-text-bottom\" >\n\n\t\t<div class=\"box-image\" style=\"width:88%;\">\n\t\t\t\t\t\t<div class=\"\" >\n\t\t\t\t<img loading=\"lazy\" decoding=\"async\" width=\"481\" height=\"263\" src=\"https:\/\/knstgroup.com\/sites\/anneco\/wp-content\/uploads\/sites\/14\/2024\/12\/00e14e_1d43b4d1955a4acabcc9b2e979d64d7fmv2.png\" class=\"attachment- size-\" alt=\"\" srcset=\"https:\/\/knstgroup.com\/sites\/anneco\/wp-content\/uploads\/sites\/14\/2024\/12\/00e14e_1d43b4d1955a4acabcc9b2e979d64d7fmv2.png 481w, https:\/\/knstgroup.com\/sites\/anneco\/wp-content\/uploads\/sites\/14\/2024\/12\/00e14e_1d43b4d1955a4acabcc9b2e979d64d7fmv2-300x164.png 300w\" sizes=\"auto, (max-width: 481px) 100vw, 481px\" \/>\t\t\t\t\t\t\t\t\t\t\t<\/div>\n\t\t\t\t\t<\/div>\n\n\t\t<div class=\"box-text text-center\" >\n\t\t\t<div class=\"box-text-inner\">\n\t\t\t\t\n<a class=\"button primary lowercase\"  style=\"border-radius:99px;\">\n\t\t<span>T\u00ecm hi\u1ec3u th\u00eam<\/span>\n\t<\/a>\n\n\t\t\t<\/div>\n\t\t<\/div>\n\t<\/div>\n\t\n\t\t<\/div>\n\t\t\t\t\t<\/div>\n\n\t\n\n\t<div id=\"col-1774141106\" class=\"col medium-4 small-6 large-4\"  >\n\t\t\t\t<div class=\"col-inner text-center\"  >\n\t\t\t\n\t\t\t\n<h3><strong>T\u00c0I KHO\u1ea2N GOOGLE INVOICE<\/strong><\/h3>\n\t<div class=\"box has-hover   has-hover box-text-bottom\" >\n\n\t\t<div class=\"box-image\" >\n\t\t\t\t\t\t<div class=\"\" >\n\t\t\t\t<img loading=\"lazy\" decoding=\"async\" width=\"531\" height=\"265\" src=\"https:\/\/knstgroup.com\/sites\/anneco\/wp-content\/uploads\/sites\/14\/2024\/12\/00e14e_2bf464f71e6c4a3792766f974ace7ac3mv2.png\" class=\"attachment- size-\" alt=\"\" srcset=\"https:\/\/knstgroup.com\/sites\/anneco\/wp-content\/uploads\/sites\/14\/2024\/12\/00e14e_2bf464f71e6c4a3792766f974ace7ac3mv2.png 531w, https:\/\/knstgroup.com\/sites\/anneco\/wp-content\/uploads\/sites\/14\/2024\/12\/00e14e_2bf464f71e6c4a3792766f974ace7ac3mv2-300x150.png 300w\" sizes=\"auto, (max-width: 531px) 100vw, 531px\" \/>\t\t\t\t\t\t\t\t\t\t\t<\/div>\n\t\t\t\t\t<\/div>\n\n\t\t<div class=\"box-text text-center\" >\n\t\t\t<div class=\"box-text-inner\">\n\t\t\t\t\n<a class=\"button primary lowercase\"  style=\"border-radius:99px;\">\n\t\t<span>T\u00ecm hi\u1ec3u th\u00eam<\/span>\n\t<\/a>\n\n\t\t\t<\/div>\n\t\t<\/div>\n\t<\/div>\n\t\n\t\t<\/div>\n\t\t\t\t\t<\/div>\n\n\t\n\n\t<div id=\"col-322587640\" class=\"col medium-2 small-6 large-2\"  >\n\t\t\t\t<div class=\"col-inner\"  >\n\t\t\t\n\t\t\t\n\t\t<\/div>\n\t\t\t\t\t<\/div>\n\n\t\n<\/div>\n\t\t<\/div>\n\n\t\t\n<style>\n#section_594834959 {\n  padding-top: 30px;\n  padding-bottom: 30px;\n  background-color: rgb(238, 238, 238);\n}\n<\/style>\n\t<\/section>\n\t\n<div class=\"row\"  id=\"row-1091752064\">\n\n\t<div id=\"col-1736377892\" class=\"col small-12 large-12\"  >\n\t\t\t\t<div class=\"col-inner\"  >\n\t\t\t\n\t\t\t\n<h3 class=\"uppercase\" style=\"text-align: center;\"><strong>\u200bQUY TR\u00ccNH CHO THU\u00ca T\u00c0I KHO\u1ea2N<\/strong><\/h3>\n\t<div class=\"img has-hover x md-x lg-x y md-y lg-y\" id=\"image_950866994\">\n\t\t\t\t\t\t\t\t<div class=\"img-inner dark\" >\n\t\t\t<img loading=\"lazy\" decoding=\"async\" width=\"1020\" height=\"301\" src=\"https:\/\/knstgroup.com\/sites\/anneco\/wp-content\/uploads\/sites\/14\/2024\/12\/Screenshot-2024-12-20-010312-1024x302.png\" class=\"attachment-large size-large\" alt=\"\" srcset=\"https:\/\/knstgroup.com\/sites\/anneco\/wp-content\/uploads\/sites\/14\/2024\/12\/Screenshot-2024-12-20-010312-1024x302.png 1024w, https:\/\/knstgroup.com\/sites\/anneco\/wp-content\/uploads\/sites\/14\/2024\/12\/Screenshot-2024-12-20-010312-300x88.png 300w, https:\/\/knstgroup.com\/sites\/anneco\/wp-content\/uploads\/sites\/14\/2024\/12\/Screenshot-2024-12-20-010312-768x226.png 768w, https:\/\/knstgroup.com\/sites\/anneco\/wp-content\/uploads\/sites\/14\/2024\/12\/Screenshot-2024-12-20-010312.png 1422w\" sizes=\"auto, (max-width: 1020px) 100vw, 1020px\" \/>\t\t\t\t\t\t\n\t\t\t\t\t<\/div>\n\t\t\t\t\t\t\t\t\n<style>\n#image_950866994 {\n  width: 100%;\n}\n<\/style>\n\t<\/div>\n\t\n\t\t<\/div>\n\t\t\t\t\t<\/div>\n\n\t\n<\/div>\n<div class=\"row\"  id=\"row-1847236498\">\n\n\t<div id=\"col-764703467\" class=\"col small-12 large-12\"  >\n\t\t\t\t<div class=\"col-inner\"  >\n\t\t\t\n\t\t\t\n<h3 style=\"text-align: center;\"><strong>C\u00c1C \u0110\u1ed0I T\u00c1C TI\u00caU BI\u1ec2U<\/strong><\/h3>\n\t\t<\/div>\n\t\t\t\t\t<\/div>\n\n\t\n\n\t<div id=\"col-553681388\" class=\"col medium-2 small-12 large-2\"  >\n\t\t\t\t<div class=\"col-inner\"  >\n\t\t\t\n\t\t\t\n\t<div class=\"img has-hover x md-x lg-x y md-y lg-y\" id=\"image_1899069649\">\n\t\t\t\t\t\t\t\t<div class=\"img-inner dark\" >\n\t\t\t<img loading=\"lazy\" decoding=\"async\" width=\"211\" height=\"211\" src=\"https:\/\/knstgroup.com\/sites\/anneco\/wp-content\/uploads\/sites\/14\/2024\/12\/00e14e_e1440b990f074223bf75811c073b7eebmv2.png\" class=\"attachment-medium_large size-medium_large\" alt=\"\" srcset=\"https:\/\/knstgroup.com\/sites\/anneco\/wp-content\/uploads\/sites\/14\/2024\/12\/00e14e_e1440b990f074223bf75811c073b7eebmv2.png 211w, https:\/\/knstgroup.com\/sites\/anneco\/wp-content\/uploads\/sites\/14\/2024\/12\/00e14e_e1440b990f074223bf75811c073b7eebmv2-150x150.png 150w\" sizes=\"auto, (max-width: 211px) 100vw, 211px\" \/>\t\t\t\t\t\t\n\t\t\t\t\t<\/div>\n\t\t\t\t\t\t\t\t\n<style>\n#image_1899069649 {\n  width: 100%;\n}\n<\/style>\n\t<\/div>\n\t\n\t\t<\/div>\n\t\t\t\t\t<\/div>\n\n\t\n\n\t<div id=\"col-986008056\" class=\"col medium-2 small-12 large-2\"  >\n\t\t\t\t<div class=\"col-inner\"  >\n\t\t\t\n\t\t\t\n\t<div class=\"img has-hover x md-x lg-x y md-y lg-y\" id=\"image_478482905\">\n\t\t\t\t\t\t\t\t<div class=\"img-inner dark\" >\n\t\t\t<img loading=\"lazy\" decoding=\"async\" width=\"211\" height=\"211\" src=\"https:\/\/knstgroup.com\/sites\/anneco\/wp-content\/uploads\/sites\/14\/2024\/12\/00e14e_3c843fc0db724daf92a20d53a973ab80mv2.png\" class=\"attachment-medium_large size-medium_large\" alt=\"\" srcset=\"https:\/\/knstgroup.com\/sites\/anneco\/wp-content\/uploads\/sites\/14\/2024\/12\/00e14e_3c843fc0db724daf92a20d53a973ab80mv2.png 211w, https:\/\/knstgroup.com\/sites\/anneco\/wp-content\/uploads\/sites\/14\/2024\/12\/00e14e_3c843fc0db724daf92a20d53a973ab80mv2-150x150.png 150w\" sizes=\"auto, (max-width: 211px) 100vw, 211px\" \/>\t\t\t\t\t\t\n\t\t\t\t\t<\/div>\n\t\t\t\t\t\t\t\t\n<style>\n#image_478482905 {\n  width: 100%;\n}\n<\/style>\n\t<\/div>\n\t\n\t\t<\/div>\n\t\t\t\t\t<\/div>\n\n\t\n\n\t<div id=\"col-933895544\" class=\"col medium-2 small-12 large-2\"  >\n\t\t\t\t<div class=\"col-inner\"  >\n\t\t\t\n\t\t\t\n\t<div class=\"img has-hover x md-x lg-x y md-y lg-y\" id=\"image_1691282441\">\n\t\t\t\t\t\t\t\t<div class=\"img-inner dark\" >\n\t\t\t<img loading=\"lazy\" decoding=\"async\" width=\"211\" height=\"211\" src=\"https:\/\/knstgroup.com\/sites\/anneco\/wp-content\/uploads\/sites\/14\/2024\/12\/00e14e_eb1306d85e044062b194aaccc955ea0bmv2.png\" class=\"attachment-medium_large size-medium_large\" alt=\"\" srcset=\"https:\/\/knstgroup.com\/sites\/anneco\/wp-content\/uploads\/sites\/14\/2024\/12\/00e14e_eb1306d85e044062b194aaccc955ea0bmv2.png 211w, https:\/\/knstgroup.com\/sites\/anneco\/wp-content\/uploads\/sites\/14\/2024\/12\/00e14e_eb1306d85e044062b194aaccc955ea0bmv2-150x150.png 150w\" sizes=\"auto, (max-width: 211px) 100vw, 211px\" \/>\t\t\t\t\t\t\n\t\t\t\t\t<\/div>\n\t\t\t\t\t\t\t\t\n<style>\n#image_1691282441 {\n  width: 100%;\n}\n<\/style>\n\t<\/div>\n\t\n\t\t<\/div>\n\t\t\t\t\t<\/div>\n\n\t\n\n\t<div id=\"col-1343036700\" class=\"col medium-2 small-12 large-2\"  >\n\t\t\t\t<div class=\"col-inner\"  >\n\t\t\t\n\t\t\t\n\t<div class=\"img has-hover x md-x lg-x y md-y lg-y\" id=\"image_90689459\">\n\t\t\t\t\t\t\t\t<div class=\"img-inner dark\" >\n\t\t\t<img loading=\"lazy\" decoding=\"async\" width=\"211\" height=\"211\" src=\"https:\/\/knstgroup.com\/sites\/anneco\/wp-content\/uploads\/sites\/14\/2024\/12\/00e14e_f710031774684aa1afa9892167adc956mv2.png\" class=\"attachment-medium_large size-medium_large\" alt=\"\" srcset=\"https:\/\/knstgroup.com\/sites\/anneco\/wp-content\/uploads\/sites\/14\/2024\/12\/00e14e_f710031774684aa1afa9892167adc956mv2.png 211w, https:\/\/knstgroup.com\/sites\/anneco\/wp-content\/uploads\/sites\/14\/2024\/12\/00e14e_f710031774684aa1afa9892167adc956mv2-150x150.png 150w\" sizes=\"auto, (max-width: 211px) 100vw, 211px\" \/>\t\t\t\t\t\t\n\t\t\t\t\t<\/div>\n\t\t\t\t\t\t\t\t\n<style>\n#image_90689459 {\n  width: 100%;\n}\n<\/style>\n\t<\/div>\n\t\n\t\t<\/div>\n\t\t\t\t\t<\/div>\n\n\t\n\n\t<div id=\"col-2122982273\" class=\"col medium-2 small-12 large-2\"  >\n\t\t\t\t<div class=\"col-inner\"  >\n\t\t\t\n\t\t\t\n\t<div class=\"img has-hover x md-x lg-x y md-y lg-y\" id=\"image_1299677546\">\n\t\t\t\t\t\t\t\t<div class=\"img-inner dark\" >\n\t\t\t<img loading=\"lazy\" decoding=\"async\" width=\"653\" height=\"653\" src=\"https:\/\/knstgroup.com\/sites\/anneco\/wp-content\/uploads\/sites\/14\/2024\/12\/00e14e_0caefa1306934f6fa6786ccc75a67903mv2.webp\" class=\"attachment-medium_large size-medium_large\" alt=\"\" srcset=\"https:\/\/knstgroup.com\/sites\/anneco\/wp-content\/uploads\/sites\/14\/2024\/12\/00e14e_0caefa1306934f6fa6786ccc75a67903mv2.webp 653w, https:\/\/knstgroup.com\/sites\/anneco\/wp-content\/uploads\/sites\/14\/2024\/12\/00e14e_0caefa1306934f6fa6786ccc75a67903mv2-300x300.webp 300w, https:\/\/knstgroup.com\/sites\/anneco\/wp-content\/uploads\/sites\/14\/2024\/12\/00e14e_0caefa1306934f6fa6786ccc75a67903mv2-150x150.webp 150w\" sizes=\"auto, (max-width: 653px) 100vw, 653px\" \/>\t\t\t\t\t\t\n\t\t\t\t\t<\/div>\n\t\t\t\t\t\t\t\t\n<style>\n#image_1299677546 {\n  width: 100%;\n}\n<\/style>\n\t<\/div>\n\t\n\t\t<\/div>\n\t\t\t\t\t<\/div>\n\n\t\n\n\t<div id=\"col-694990470\" class=\"col medium-2 small-12 large-2\"  >\n\t\t\t\t<div class=\"col-inner\"  >\n\t\t\t\n\t\t\t\n\t<div class=\"img has-hover x md-x lg-x y md-y lg-y\" id=\"image_745632290\">\n\t\t\t\t\t\t\t\t<div class=\"img-inner dark\" >\n\t\t\t<img loading=\"lazy\" decoding=\"async\" width=\"653\" height=\"653\" src=\"https:\/\/knstgroup.com\/sites\/anneco\/wp-content\/uploads\/sites\/14\/2024\/12\/00e14e_5ac9247e9f4f40c79ca5c03733ffbb98mv2.webp\" class=\"attachment-medium_large size-medium_large\" alt=\"\" srcset=\"https:\/\/knstgroup.com\/sites\/anneco\/wp-content\/uploads\/sites\/14\/2024\/12\/00e14e_5ac9247e9f4f40c79ca5c03733ffbb98mv2.webp 653w, https:\/\/knstgroup.com\/sites\/anneco\/wp-content\/uploads\/sites\/14\/2024\/12\/00e14e_5ac9247e9f4f40c79ca5c03733ffbb98mv2-300x300.webp 300w, https:\/\/knstgroup.com\/sites\/anneco\/wp-content\/uploads\/sites\/14\/2024\/12\/00e14e_5ac9247e9f4f40c79ca5c03733ffbb98mv2-150x150.webp 150w\" sizes=\"auto, (max-width: 653px) 100vw, 653px\" \/>\t\t\t\t\t\t\n\t\t\t\t\t<\/div>\n\t\t\t\t\t\t\t\t\n<style>\n#image_745632290 {\n  width: 100%;\n}\n<\/style>\n\t<\/div>\n\t\n\t\t<\/div>\n\t\t\t\t\t<\/div>\n\n\t\n<\/div>\n<div class=\"row\"  id=\"row-11125597\">\n\n\t<div id=\"col-1164614474\" class=\"col small-12 large-12\"  >\n\t\t\t\t<div class=\"col-inner\"  >\n\t\t\t\n\t\t\t\n<h2 style=\"text-align: center;\"><strong>LI\u00caN H\u1ec6 NGAY H\u00d4M NAY!<\/strong><\/h2>\n<div class=\"social-icons share-icons share-row relative full-width text-center icon-style-fill\" ><a href=\"whatsapp:\/\/send?text=TKQC%20INVOICE - https:\/\/knstgroup.com\/sites\/anneco\/tkqc-invoice\/\" data-action=\"share\/whatsapp\/share\" class=\"icon primary button circle tooltip whatsapp show-for-medium\" title=\"Chia s\u1ebb tr\u00ean WhatsApp\" aria-label=\"Chia s\u1ebb tr\u00ean WhatsApp\" ><i class=\"icon-whatsapp\" ><\/i><\/a><a href=\"https:\/\/www.facebook.com\/sharer.php?u=https:\/\/knstgroup.com\/sites\/anneco\/tkqc-invoice\/\" data-label=\"Facebook\" onclick=\"window.open(this.href,this.title,'width=500,height=500,top=300px,left=300px'); return false;\" target=\"_blank\" class=\"icon primary button circle tooltip facebook\" title=\"Chia s\u1ebb tr\u00ean Facebook\" aria-label=\"Chia s\u1ebb tr\u00ean Facebook\" rel=\"noopener nofollow\" ><i class=\"icon-facebook\" ><\/i><\/a><a href=\"https:\/\/twitter.com\/share?url=https:\/\/knstgroup.com\/sites\/anneco\/tkqc-invoice\/\" onclick=\"window.open(this.href,this.title,'width=500,height=500,top=300px,left=300px'); return false;\" target=\"_blank\" class=\"icon primary button circle tooltip twitter\" title=\"Chia s\u1ebb tr\u00ean Twitter\" aria-label=\"Chia s\u1ebb tr\u00ean Twitter\" rel=\"noopener nofollow\" ><i class=\"icon-twitter\" ><\/i><\/a><a href=\"mailto:?subject=TKQC%20INVOICE&body=Xem%20n%C3%A0y%3A%20https%3A%2F%2Fknstgroup.com%2Fsites%2Fanneco%2Ftkqc-invoice%2F\" class=\"icon primary button circle tooltip email\" title=\"G\u1eedi email cho b\u1ea1n b\u00e8\" aria-label=\"G\u1eedi email cho b\u1ea1n b\u00e8\" rel=\"nofollow\" ><i class=\"icon-envelop\" ><\/i><\/a><a href=\"https:\/\/pinterest.com\/pin\/create\/button?url=https:\/\/knstgroup.com\/sites\/anneco\/tkqc-invoice\/&media&description=TKQC%20INVOICE\" onclick=\"window.open(this.href,this.title,'width=500,height=500,top=300px,left=300px'); return false;\" target=\"_blank\" class=\"icon primary button circle tooltip pinterest\" title=\"Ghim tr\u00ean Pinterest\" aria-label=\"Ghim tr\u00ean Pinterest\" rel=\"noopener nofollow\" ><i class=\"icon-pinterest\" ><\/i><\/a><a href=\"https:\/\/www.linkedin.com\/shareArticle?mini=true&url=https:\/\/knstgroup.com\/sites\/anneco\/tkqc-invoice\/&title=TKQC%20INVOICE\" onclick=\"window.open(this.href,this.title,'width=500,height=500,top=300px,left=300px'); return false;\" target=\"_blank\" class=\"icon primary button circle tooltip linkedin\" title=\"Chia s\u1ebb tr\u00ean LinkedIn\" aria-label=\"Chia s\u1ebb tr\u00ean LinkedIn\" rel=\"noopener nofollow\" ><i class=\"icon-linkedin\" ><\/i><\/a><\/div>\n\t\t<\/div>\n\t\t\t\t\t<\/div>\n\n\t\n<\/div>\n","protected":false},"excerpt":{"rendered":"","protected":false},"author":1,"featured_media":0,"parent":0,"menu_order":0,"comment_status":"closed","ping_status":"closed","template":"page-blank.php","meta":{"footnotes":""},"class_list":["post-159","page","type-page","status-publish","hentry"],"_links":{"self":[{"href":"https:\/\/knstgroup.com\/sites\/anneco\/wp-json\/wp\/v2\/pages\/159","targetHints":{"allow":["GET"]}}],"collection":[{"href":"https:\/\/knstgroup.com\/sites\/anneco\/wp-json\/wp\/v2\/pages"}],"about":[{"href":"https:\/\/knstgroup.com\/sites\/anneco\/wp-json\/wp\/v2\/types\/page"}],"author":[{"embeddable":true,"href":"https:\/\/knstgroup.com\/sites\/anneco\/wp-json\/wp\/v2\/users\/1"}],"replies":[{"embeddable":true,"href":"https:\/\/knstgroup.com\/sites\/anneco\/wp-json\/wp\/v2\/comments?post=159"}],"version-history":[{"count":11,"href":"https:\/\/knstgroup.com\/sites\/anneco\/wp-json\/wp\/v2\/pages\/159\/revisions"}],"predecessor-version":[{"id":282,"href":"https:\/\/knstgroup.com\/sites\/anneco\/wp-json\/wp\/v2\/pages\/159\/revisions\/282"}],"wp:attachment":[{"href":"https:\/\/knstgroup.com\/sites\/anneco\/wp-json\/wp\/v2\/media?parent=159"}],"curies":[{"name":"wp","href":"https:\/\/api.w.org\/{rel}","templated":true}]}}