 
{"id":157,"date":"2024-12-20T09:08:12","date_gmt":"2024-12-20T09:08:12","guid":{"rendered":"https:\/\/knstgroup.com\/sites\/anneco\/?page_id=157"},"modified":"2024-12-22T08:28:52","modified_gmt":"2024-12-22T08:28:52","slug":"van-tai-va-xuat-nhap-khau","status":"publish","type":"page","link":"https:\/\/knstgroup.com\/sites\/anneco\/van-tai-va-xuat-nhap-khau\/","title":{"rendered":"V\u1eadn t\u1ea3i v\u00e0 xu\u1ea5t nh\u1eadp kh\u1ea9u"},"content":{"rendered":"\n  <div class=\"banner has-hover has-parallax\" id=\"banner-652854557\">\n          <div class=\"banner-inner fill\">\n        <div class=\"banner-bg fill\" data-parallax=\"-8\" data-parallax-container=\".banner\" data-parallax-background>\n            <img loading=\"lazy\" decoding=\"async\" width=\"1020\" height=\"574\" src=\"https:\/\/knstgroup.com\/sites\/anneco\/wp-content\/uploads\/sites\/14\/2024\/12\/00e14e_0be72eba9f15424aa9ace71e51befce5mv2-1024x576.jpg\" class=\"bg attachment-large size-large\" alt=\"\" \/>                                    \n                    <\/div>\n\t\t\n        <div class=\"banner-layers container\">\n            <div class=\"fill banner-link\"><\/div>            \n   <div id=\"text-box-1248080812\" class=\"text-box banner-layer x50 md-x50 lg-x50 y50 md-y50 lg-y50 res-text\">\n                                <div class=\"text-box-content text \">\n              \n              <div class=\"text-inner text-center\">\n                  \n\t<div id=\"text-2959448778\" class=\"text\">\n\t\t\n<h1 class=\"font_4 wixui-rich-text__text\"><strong><span class=\"wixui-rich-text__text\">LOGISTICS<\/span><\/strong><\/h1>\n<p><span class=\"wixui-rich-text__text\">Ch\u00fang t\u00f4i l\u00e0 \u0111\u01a1n v\u1ecb chuy\u00ean cung c\u1ea5p c\u00e1c gi\u1ea3i ph\u00e1p v\u1ec1 v\u1eadn t\u1ea3i cho\u00a0<\/span><span class=\"wixui-rich-text__text\">doanh nghi\u1ec7p, t\u1eeb t\u01b0 v\u1ea5n d\u1ecbch v\u1ee5 \u0111\u1ebfn l\u00e0m th\u1ee7 t\u1ee5c h\u1ea3i quan cho c\u00e1c lo\u1ea1i h\u00e0ng h\u00f3a.<\/span><\/p>\n\t\t\n<style>\n#text-2959448778 {\n  line-height: 2;\n}\n<\/style>\n\t<\/div>\n\t\n<a class=\"button primary lowercase\"  style=\"border-radius:99px;\">\n\t\t<span>Li\u00ean h\u1ec7 ngay<\/span>\n\t<\/a>\n\n              <\/div>\n           <\/div>\n                            \n<style>\n#text-box-1248080812 .text-box-content {\n  background-color: rgba(255, 255, 255, 0.738);\n  border-radius: 10px;\n  font-size: 100%;\n}\n#text-box-1248080812 .text-inner {\n  padding: 20px 60px 20px 61px;\n}\n#text-box-1248080812 {\n  width: 60%;\n}\n<\/style>\n    <\/div>\n \n        <\/div>\n      <\/div>\n\n            \n<style>\n#banner-652854557 {\n  padding-top: 600px;\n}\n<\/style>\n  <\/div>\n\n\n<div class=\"row\"  id=\"row-1095014665\">\n\n\t<div id=\"col-595129673\" class=\"col medium-2 small-12 large-2\"  >\n\t\t\t\t<div class=\"col-inner\"  >\n\t\t\t\n\t\t\t\n\t\t<\/div>\n\t\t\t\t\t<\/div>\n\n\t\n\n\t<div id=\"col-969849909\" class=\"col medium-8 small-12 large-8\"  >\n\t\t\t\t<div class=\"col-inner\"  >\n\t\t\t\n\t\t\t\n\t<div id=\"text-1544099075\" class=\"text\">\n\t\t\n<h2 style=\"text-align: center;\"><strong>KINH DOANH QU\u1ed0C T\u1ebe KH\u00d4NG C\u00d2N KH\u00d3 KH\u0102N<\/strong><\/h2>\n<p style=\"text-align: center;\">Ch\u00fang t\u00f4i lu\u00f4n trung th\u00e0nh v\u1edbi t\u00f4n ch\u1ec9 \u0111\u1eb7t l\u1ee3i \u00edch c\u1ee7a c\u00e1c kh\u00e1ch h\u00e0ng l\u00ean h\u00e0ng \u0111\u1ea7u. \u0110\u1ed1i v\u1edbi ch\u00fang t\u00f4i, c\u00e1c doanh nghi\u1ec7p kh\u00f4ng ch\u1ec9 l\u00e0 kh\u00e1ch h\u00e0ng m\u00e0 c\u00f2n l\u00e0 ng\u01b0\u1eddi b\u1ea1n \u0111\u1ed3ng h\u00e0nh trong gi\u1ea5c m\u01a1 kh\u1eb3ng \u0111\u1ecbnh ch\u1ea5t l\u01b0\u1ee3ng v\u00e0 \u0111\u01b0a th\u01b0\u01a1ng hi\u1ec7u Vi\u1ec7t v\u01b0\u01a1n t\u1ea7m th\u1ebf gi\u1edbi.<\/p>\n\t\t\n<style>\n#text-1544099075 {\n  line-height: 2;\n  text-align: center;\n}\n<\/style>\n\t<\/div>\n\t\n\t\t<\/div>\n\t\t\t\t\t<\/div>\n\n\t\n\n\t<div id=\"col-566019202\" class=\"col medium-2 small-12 large-2\"  >\n\t\t\t\t<div class=\"col-inner\"  >\n\t\t\t\n\t\t\t\n\t\t<\/div>\n\t\t\t\t\t<\/div>\n\n\t\n<\/div>\n<div class=\"row\"  id=\"row-500691673\">\n\n\t<div id=\"col-1395974654\" class=\"col medium-4 small-12 large-4\"  >\n\t\t\t\t<div class=\"col-inner text-center\"  >\n\t\t\t\n\t\t\t\n\t<div class=\"box has-hover   has-hover box-text-bottom\" >\n\n\t\t<div class=\"box-image\" style=\"border-radius:100%;width:65%;\">\n\t\t\t\t\t\t<div class=\"\" >\n\t\t\t\t<img loading=\"lazy\" decoding=\"async\" width=\"338\" height=\"338\" src=\"https:\/\/knstgroup.com\/sites\/anneco\/wp-content\/uploads\/sites\/14\/2024\/12\/reefer-container-webpage-header-2.jpeg\" class=\"attachment- size-\" alt=\"\" srcset=\"https:\/\/knstgroup.com\/sites\/anneco\/wp-content\/uploads\/sites\/14\/2024\/12\/reefer-container-webpage-header-2.jpeg 338w, https:\/\/knstgroup.com\/sites\/anneco\/wp-content\/uploads\/sites\/14\/2024\/12\/reefer-container-webpage-header-2-300x300.jpeg 300w, https:\/\/knstgroup.com\/sites\/anneco\/wp-content\/uploads\/sites\/14\/2024\/12\/reefer-container-webpage-header-2-150x150.jpeg 150w\" sizes=\"auto, (max-width: 338px) 100vw, 338px\" \/>\t\t\t\t\t\t\t\t\t\t\t<\/div>\n\t\t\t\t\t<\/div>\n\n\t\t<div class=\"box-text text-center\" >\n\t\t\t<div class=\"box-text-inner\">\n\t\t\t\t\n<h3><strong>CHO THU\u00ca CONTAINER L\u1ea0NH<\/strong><\/h3>\n\t\t\t<\/div>\n\t\t<\/div>\n\t<\/div>\n\t\n<a class=\"button primary lowercase\"  style=\"border-radius:99px;\">\n\t\t<span>Li\u00ean h\u1ec7 ngay<\/span>\n\t<\/a>\n\n\t\t<\/div>\n\t\t\t\t\t<\/div>\n\n\t\n\n\t<div id=\"col-1252712874\" class=\"col medium-4 small-12 large-4\"  >\n\t\t\t\t<div class=\"col-inner text-center\"  >\n\t\t\t\n\t\t\t\n\t<div class=\"box has-hover   has-hover box-text-bottom\" >\n\n\t\t<div class=\"box-image\" style=\"border-radius:100%;width:65%;\">\n\t\t\t\t\t\t<div class=\"\" >\n\t\t\t\t<img loading=\"lazy\" decoding=\"async\" width=\"338\" height=\"338\" src=\"https:\/\/knstgroup.com\/sites\/anneco\/wp-content\/uploads\/sites\/14\/2024\/12\/Fruta.png\" class=\"attachment- size-\" alt=\"\" srcset=\"https:\/\/knstgroup.com\/sites\/anneco\/wp-content\/uploads\/sites\/14\/2024\/12\/Fruta.png 338w, https:\/\/knstgroup.com\/sites\/anneco\/wp-content\/uploads\/sites\/14\/2024\/12\/Fruta-300x300.png 300w, https:\/\/knstgroup.com\/sites\/anneco\/wp-content\/uploads\/sites\/14\/2024\/12\/Fruta-150x150.png 150w\" sizes=\"auto, (max-width: 338px) 100vw, 338px\" \/>\t\t\t\t\t\t\t\t\t\t\t<\/div>\n\t\t\t\t\t<\/div>\n\n\t\t<div class=\"box-text text-center\" >\n\t\t\t<div class=\"box-text-inner\">\n\t\t\t\t\n<h3><strong>\u1ee6Y TH\u00c1C XU\u1ea4T KH\u1ea8U TR\u00c1I C\u00c2Y<\/strong><\/h3>\n\t\t\t<\/div>\n\t\t<\/div>\n\t<\/div>\n\t\n<a class=\"button primary lowercase\"  style=\"border-radius:99px;\">\n\t\t<span>Li\u00ean h\u1ec7 ngay<\/span>\n\t<\/a>\n\n\t\t<\/div>\n\t\t\t\t\t<\/div>\n\n\t\n\n\t<div id=\"col-1454218677\" class=\"col medium-4 small-12 large-4\"  >\n\t\t\t\t<div class=\"col-inner text-center\"  >\n\t\t\t\n\t\t\t\n\t<div class=\"box has-hover   has-hover box-text-bottom\" >\n\n\t\t<div class=\"box-image\" style=\"border-radius:100%;width:65%;\">\n\t\t\t\t\t\t<div class=\"\" >\n\t\t\t\t<img loading=\"lazy\" decoding=\"async\" width=\"338\" height=\"338\" src=\"https:\/\/knstgroup.com\/sites\/anneco\/wp-content\/uploads\/sites\/14\/2024\/12\/amilogistics.jpeg\" class=\"attachment- size-\" alt=\"\" srcset=\"https:\/\/knstgroup.com\/sites\/anneco\/wp-content\/uploads\/sites\/14\/2024\/12\/amilogistics.jpeg 338w, https:\/\/knstgroup.com\/sites\/anneco\/wp-content\/uploads\/sites\/14\/2024\/12\/amilogistics-300x300.jpeg 300w, https:\/\/knstgroup.com\/sites\/anneco\/wp-content\/uploads\/sites\/14\/2024\/12\/amilogistics-150x150.jpeg 150w\" sizes=\"auto, (max-width: 338px) 100vw, 338px\" \/>\t\t\t\t\t\t\t\t\t\t\t<\/div>\n\t\t\t\t\t<\/div>\n\n\t\t<div class=\"box-text text-center\" >\n\t\t\t<div class=\"box-text-inner\">\n\t\t\t\t\n<h3><strong>\u1ee6Y TH\u00c1C XU\u1ea4T KH\u1ea8U TR\u00c1I C\u00c2Y<\/strong><\/h3>\n\t\t\t<\/div>\n\t\t<\/div>\n\t<\/div>\n\t\n<a class=\"button primary lowercase\"  style=\"border-radius:99px;\">\n\t\t<span>Li\u00ean h\u1ec7 ngay<\/span>\n\t<\/a>\n\n\t\t<\/div>\n\t\t\t\t\t<\/div>\n\n\t\n<\/div>\n<div class=\"row align-middle\"  id=\"row-1644681560\">\n\n\t<div id=\"col-1769912636\" class=\"col medium-6 small-12 large-6\"  >\n\t\t\t\t<div class=\"col-inner text-center\"  >\n\t\t\t\n\t\t\t\n<h2><strong>V\u0102N PH\u00d2NG \u0110\u1ea0I DI\u1ec6N<\/strong><\/h2>\n\t\t<\/div>\n\t\t\t\t\t<\/div>\n\n\t\n\n\t<div id=\"col-593897776\" class=\"col medium-6 small-12 large-6\"  >\n\t\t\t\t<div class=\"col-inner\"  >\n\t\t\t\n\t\t\t\n\t<div class=\"img has-hover x md-x lg-x y md-y lg-y\" id=\"image_1882028351\">\n\t\t\t\t\t\t\t\t<div class=\"img-inner dark\" >\n\t\t\t<img loading=\"lazy\" decoding=\"async\" width=\"554\" height=\"609\" src=\"https:\/\/knstgroup.com\/sites\/anneco\/wp-content\/uploads\/sites\/14\/2024\/12\/Screenshot-2024-12-20-010156.png\" class=\"attachment-original size-original\" alt=\"\" srcset=\"https:\/\/knstgroup.com\/sites\/anneco\/wp-content\/uploads\/sites\/14\/2024\/12\/Screenshot-2024-12-20-010156.png 554w, https:\/\/knstgroup.com\/sites\/anneco\/wp-content\/uploads\/sites\/14\/2024\/12\/Screenshot-2024-12-20-010156-273x300.png 273w\" sizes=\"auto, (max-width: 554px) 100vw, 554px\" \/>\t\t\t\t\t\t\n\t\t\t\t\t<\/div>\n\t\t\t\t\t\t\t\t\n<style>\n#image_1882028351 {\n  width: 100%;\n}\n<\/style>\n\t<\/div>\n\t\n\t\t<\/div>\n\t\t\t\t\t<\/div>\n\n\t\n<\/div>\n","protected":false},"excerpt":{"rendered":"","protected":false},"author":1,"featured_media":0,"parent":0,"menu_order":0,"comment_status":"closed","ping_status":"closed","template":"page-blank.php","meta":{"footnotes":""},"class_list":["post-157","page","type-page","status-publish","hentry"],"_links":{"self":[{"href":"https:\/\/knstgroup.com\/sites\/anneco\/wp-json\/wp\/v2\/pages\/157","targetHints":{"allow":["GET"]}}],"collection":[{"href":"https:\/\/knstgroup.com\/sites\/anneco\/wp-json\/wp\/v2\/pages"}],"about":[{"href":"https:\/\/knstgroup.com\/sites\/anneco\/wp-json\/wp\/v2\/types\/page"}],"author":[{"embeddable":true,"href":"https:\/\/knstgroup.com\/sites\/anneco\/wp-json\/wp\/v2\/users\/1"}],"replies":[{"embeddable":true,"href":"https:\/\/knstgroup.com\/sites\/anneco\/wp-json\/wp\/v2\/comments?post=157"}],"version-history":[{"count":6,"href":"https:\/\/knstgroup.com\/sites\/anneco\/wp-json\/wp\/v2\/pages\/157\/revisions"}],"predecessor-version":[{"id":259,"href":"https:\/\/knstgroup.com\/sites\/anneco\/wp-json\/wp\/v2\/pages\/157\/revisions\/259"}],"wp:attachment":[{"href":"https:\/\/knstgroup.com\/sites\/anneco\/wp-json\/wp\/v2\/media?parent=157"}],"curies":[{"name":"wp","href":"https:\/\/api.w.org\/{rel}","templated":true}]}}