 
{"id":155,"date":"2024-12-20T09:07:28","date_gmt":"2024-12-20T09:07:28","guid":{"rendered":"https:\/\/knstgroup.com\/sites\/anneco\/?page_id=155"},"modified":"2024-12-22T08:10:22","modified_gmt":"2024-12-22T08:10:22","slug":"dao-tao-ban-hang","status":"publish","type":"page","link":"https:\/\/knstgroup.com\/sites\/anneco\/dao-tao-ban-hang\/","title":{"rendered":"\u0110\u00e0o t\u1ea1o b\u00e1n h\u00e0ng"},"content":{"rendered":"<div class=\"slider-wrapper relative\" id=\"slider-1214345150\" >\n    <div class=\"slider slider-nav-circle slider-nav-large slider-nav-light slider-style-normal\"\n        data-flickity-options='{\n            \"cellAlign\": \"center\",\n            \"imagesLoaded\": true,\n            \"lazyLoad\": 1,\n            \"freeScroll\": false,\n            \"wrapAround\": true,\n            \"autoPlay\": 6000,\n            \"pauseAutoPlayOnHover\" : true,\n            \"prevNextButtons\": true,\n            \"contain\" : true,\n            \"adaptiveHeight\" : true,\n            \"dragThreshold\" : 10,\n            \"percentPosition\": true,\n            \"pageDots\": true,\n            \"rightToLeft\": false,\n            \"draggable\": true,\n            \"selectedAttraction\": 0.1,\n            \"parallax\" : 0,\n            \"friction\": 0.6        }'\n        >\n        \n\n  <div class=\"banner has-hover\" id=\"banner-1639160215\">\n          <div class=\"banner-inner fill\">\n        <div class=\"banner-bg fill\" >\n            <img loading=\"lazy\" decoding=\"async\" width=\"1440\" height=\"659\" src=\"https:\/\/knstgroup.com\/sites\/anneco\/wp-content\/uploads\/sites\/14\/2024\/12\/00e14e_87efa24d27a642d7a331da2389abc0abmv2.jpg\" class=\"bg attachment-original size-original\" alt=\"\" \/>                                    \n                    <\/div>\n\t\t\n        <div class=\"banner-layers container\">\n            <div class=\"fill banner-link\"><\/div>            \n   <div id=\"text-box-866073767\" class=\"text-box banner-layer x15 md-x15 lg-x15 y85 md-y85 lg-y85 res-text\">\n                                <div class=\"text-box-content text \">\n              \n              <div class=\"text-inner text-center\">\n                  \n\t<div id=\"text-3750990635\" class=\"text\">\n\t\t\n<h2><strong>EDUCATION<\/strong><\/h2>\n<p>\u0110\u1ed3ng h\u00e0nh c\u00f9ng \u0111\u1ed9i ng\u0169 chuy\u00ean gia, gi\u1ea3ng vi\u00ean v\u1edbi h\u01a1n 10 n\u0103m kinh nghi\u1ec7m, Anneco Group cam k\u1ebft \u0111em \u0111\u1ebfn l\u1ed9 tr\u00ecnh gi\u1ea3ng d\u1ea1y \u0111\u1ea1t ti\u00eau chu\u1ea9n Qu\u1ed1c t\u1ebf, gi\u00fap doanh nghi\u1ec7p Vi\u1ec7t t\u1ef1 tin b\u1ee9t ph\u00e1 kinh doanh xuy\u00ean bi\u00ean gi\u1edbi.<\/p>\n\t\t\n<style>\n#text-3750990635 {\n  line-height: 2;\n}\n<\/style>\n\t<\/div>\n\t\n<a class=\"button primary lowercase\"  style=\"border-radius:99px;\">\n\t\t<span>Li\u00ean h\u1ec7 ngay<\/span>\n\t<\/a>\n\n              <\/div>\n           <\/div>\n                            \n<style>\n#text-box-866073767 .text-box-content {\n  background-color: rgba(255, 255, 255, 0.779);\n  border-radius: 11px;\n  font-size: 100%;\n}\n#text-box-866073767 .text-inner {\n  padding: 40px 60px 40px 60px;\n}\n#text-box-866073767 {\n  width: 62%;\n}\n<\/style>\n    <\/div>\n \n        <\/div>\n      <\/div>\n\n            \n<style>\n#banner-1639160215 {\n  padding-top: 500px;\n}\n<\/style>\n  <\/div>\n\n\n\n  <div class=\"banner has-hover\" id=\"banner-1722957946\">\n          <div class=\"banner-inner fill\">\n        <div class=\"banner-bg fill\" >\n                                                \n                    <\/div>\n\t\t\n        <div class=\"banner-layers container\">\n            <div class=\"fill banner-link\"><\/div>            \n\t<div class=\"img has-hover x50 md-x50 lg-x50 y50 md-y50 lg-y50\" id=\"image_359129492\">\n\t\t\t\t\t\t\t\t<div class=\"img-inner dark\" >\n\t\t\t<img loading=\"lazy\" decoding=\"async\" width=\"940\" height=\"639\" src=\"https:\/\/knstgroup.com\/sites\/anneco\/wp-content\/uploads\/sites\/14\/2024\/12\/00e14e_adb6b0ba865a48e1a532c8fe4fb0361amv2.jpg\" class=\"attachment-large size-large\" alt=\"\" srcset=\"https:\/\/knstgroup.com\/sites\/anneco\/wp-content\/uploads\/sites\/14\/2024\/12\/00e14e_adb6b0ba865a48e1a532c8fe4fb0361amv2.jpg 940w, https:\/\/knstgroup.com\/sites\/anneco\/wp-content\/uploads\/sites\/14\/2024\/12\/00e14e_adb6b0ba865a48e1a532c8fe4fb0361amv2-300x204.jpg 300w, https:\/\/knstgroup.com\/sites\/anneco\/wp-content\/uploads\/sites\/14\/2024\/12\/00e14e_adb6b0ba865a48e1a532c8fe4fb0361amv2-768x522.jpg 768w\" sizes=\"auto, (max-width: 940px) 100vw, 940px\" \/>\t\t\t\t\t\t\n\t\t\t\t\t<\/div>\n\t\t\t\t\t\t\t\t\n<style>\n#image_359129492 {\n  width: 59%;\n}\n<\/style>\n\t<\/div>\n\t\n        <\/div>\n      <\/div>\n\n            \n<style>\n#banner-1722957946 {\n  padding-top: 500px;\n  background-color: rgb(244, 252, 255);\n}\n<\/style>\n  <\/div>\n\n\n     <\/div>\n\n     <div class=\"loading-spin dark large centered\"><\/div>\n\n\t<\/div>\n\n\n<div class=\"row\"  id=\"row-1498700507\">\n\n\t<div id=\"col-1589145408\" class=\"col medium-3 small-6 large-3\"  >\n\t\t\t\t<div class=\"col-inner\"  >\n\t\t\t\n\t\t\t\n\t<div id=\"text-2302192089\" class=\"text\">\n\t\t\n<p><strong>GI\u1ea2NG VI\u00caN\u00a0<\/strong><\/p>\n<div id=\"comp-lednr456\" class=\"HcOXKn c9GqVL QxJLC3 lq2cno YQcXTT comp-lednr456 wixui-rich-text\" data-testid=\"richTextElement\">\n<h4 class=\"font_4 wixui-rich-text__text\"><strong><span class=\"wixui-rich-text__text\">8+ <\/span>N\u0102M KINH NGHI\u1ec6M<\/strong><\/h4>\n<\/div>\n\t\t\n<style>\n#text-2302192089 {\n  text-align: center;\n}\n<\/style>\n\t<\/div>\n\t\n\t\t<\/div>\n\t\t\t\t\t<\/div>\n\n\t\n\n\t<div id=\"col-226391275\" class=\"col medium-3 small-6 large-3\"  >\n\t\t\t\t<div class=\"col-inner\"  >\n\t\t\t\n\t\t\t\n\t<div id=\"text-3541159821\" class=\"text\">\n\t\t\n<p><strong>KH\u00d3A H\u1eccC<\/strong><\/p>\n<h4><span style=\"color: #2068a0;\"><strong style=\"font-size: 140%;\">20+<\/strong><\/span><\/h4>\n\t\t\n<style>\n#text-3541159821 {\n  text-align: center;\n}\n<\/style>\n\t<\/div>\n\t\n\t\t<\/div>\n\t\t\t\t\t<\/div>\n\n\t\n\n\t<div id=\"col-1560961236\" class=\"col medium-3 small-6 large-3\"  >\n\t\t\t\t<div class=\"col-inner\"  >\n\t\t\t\n\t\t\t\n\t<div id=\"text-1119030246\" class=\"text\">\n\t\t\n<p><strong>H\u1eccC VI\u00caN<\/strong><\/p>\n<h4><span style=\"color: #2068a0;\"><strong style=\"font-size: 140%;\">250+<\/strong><\/span><\/h4>\n\t\t\n<style>\n#text-1119030246 {\n  text-align: center;\n}\n<\/style>\n\t<\/div>\n\t\n\t\t<\/div>\n\t\t\t\t\t<\/div>\n\n\t\n\n\t<div id=\"col-94409275\" class=\"col medium-3 small-6 large-3\"  >\n\t\t\t\t<div class=\"col-inner\"  >\n\t\t\t\n\t\t\t\n\t<div id=\"text-3573643280\" class=\"text\">\n\t\t\n<p><strong>D\u1ef0 \u00c1N<\/strong><\/p>\n<h4><span style=\"color: #2068a0;\"><strong style=\"font-size: 140%;\">50+<\/strong><\/span><\/h4>\n\t\t\n<style>\n#text-3573643280 {\n  text-align: center;\n}\n<\/style>\n\t<\/div>\n\t\n\t\t<\/div>\n\t\t\t\t\t<\/div>\n\n\t\n<\/div>\n<div class=\"row row-small\" style=\"max-width:1800px\" id=\"row-670319345\">\n\n\t<div id=\"col-551966068\" class=\"col small-12 large-12\"  >\n\t\t\t\t<div class=\"col-inner\"  >\n\t\t\t\n\t\t\t\n\t<div id=\"text-3666166171\" class=\"text\">\n\t\t\n<h3><strong>N\u1eaeM CH\u1eaeC C\u01a0 H\u1ed8I &#8211; B\u1ee8T PH\u00c1 KINH DOANH AMAZON<\/strong><\/h3>\n\t\t\n<style>\n#text-3666166171 {\n  text-align: center;\n}\n<\/style>\n\t<\/div>\n\t\n\t\t<\/div>\n\t\t\t\t\t<\/div>\n\n\t\n\n\t<div id=\"col-1820279872\" class=\"col small-12 large-12\"  >\n\t\t\t\t<div class=\"col-inner\"  >\n\t\t\t\n\t\t\t\n<div class=\"row row-small row-full-width align-center\"  id=\"row-1836267308\">\n\n\t<div id=\"col-1610956856\" class=\"col medium-2 small-6 large-2\"  >\n\t\t\t\t<div class=\"col-inner\"  >\n\t\t\t\n\t\t\t\n\t<div class=\"box has-hover   has-hover box-text-bottom\" >\n\n\t\t<div class=\"box-image\" >\n\t\t\t\t\t\t<div class=\"\" >\n\t\t\t\t<img loading=\"lazy\" decoding=\"async\" width=\"264\" height=\"188\" src=\"https:\/\/knstgroup.com\/sites\/anneco\/wp-content\/uploads\/sites\/14\/2024\/12\/7-Must-Have-E-learning-Features-for-your-Online-Platform-1.jpeg\" class=\"attachment- size-\" alt=\"\" \/>\t\t\t\t\t\t\t\t\t\t\t<\/div>\n\t\t\t\t\t<\/div>\n\n\t\t<div class=\"box-text text-center\" >\n\t\t\t<div class=\"box-text-inner\">\n\t\t\t\t\n<h3><strong>E &#8211; LEARNING<\/strong><\/h3>\n<p>\u0110\u00e0o t\u1ea1o &amp; h\u1ed7 tr\u1ee3 tr\u1ef1c tuy\u1ebfn tr\u00ean n\u1ec1n t\u1ea3ng Website<\/p>\n\t\t\t<\/div>\n\t\t<\/div>\n\t<\/div>\n\t\n\t\t<\/div>\n\t\t\t\t\t<\/div>\n\n\t\n\n\t<div id=\"col-1116516651\" class=\"col medium-2 small-6 large-2\"  >\n\t\t\t\t<div class=\"col-inner\"  >\n\t\t\t\n\t\t\t\n\t<div class=\"box has-hover   has-hover box-text-bottom\" >\n\n\t\t<div class=\"box-image\" >\n\t\t\t\t\t\t<div class=\"\" >\n\t\t\t\t<img loading=\"lazy\" decoding=\"async\" width=\"264\" height=\"188\" src=\"https:\/\/knstgroup.com\/sites\/anneco\/wp-content\/uploads\/sites\/14\/2024\/12\/online-courses-free-e-certificate-concept-free-vector.jpeg\" class=\"attachment- size-\" alt=\"\" \/>\t\t\t\t\t\t\t\t\t\t\t<\/div>\n\t\t\t\t\t<\/div>\n\n\t\t<div class=\"box-text text-center\" >\n\t\t\t<div class=\"box-text-inner\">\n\t\t\t\t\n<h4><strong>ONLINE TRAINING<\/strong><\/h4>\n<p><span class=\"wixui-rich-text__text\">Kh\u00f3a h\u1ecdc \u0111\u00e0o t\u1ea1o b\u00e1n h\u00e0ng tr\u1ef1c tuy\u1ebfn th\u00f4ng qua n\u1ec1n<\/span><span class=\"wixui-rich-text__text\">\u00a0t\u1ea3ng Zoom.<\/span><\/p>\n\t\t\t<\/div>\n\t\t<\/div>\n\t<\/div>\n\t\n\t\t<\/div>\n\t\t\t\t\t<\/div>\n\n\t\n\n\t<div id=\"col-680679220\" class=\"col medium-2 small-6 large-2\"  >\n\t\t\t\t<div class=\"col-inner\"  >\n\t\t\t\n\t\t\t\n\t<div class=\"box has-hover   has-hover box-text-bottom\" >\n\n\t\t<div class=\"box-image\" >\n\t\t\t\t\t\t<div class=\"\" >\n\t\t\t\t<img loading=\"lazy\" decoding=\"async\" width=\"264\" height=\"188\" src=\"https:\/\/knstgroup.com\/sites\/anneco\/wp-content\/uploads\/sites\/14\/2024\/12\/business-advisor-types-article-cover.png\" class=\"attachment- size-\" alt=\"\" \/>\t\t\t\t\t\t\t\t\t\t\t<\/div>\n\t\t\t\t\t<\/div>\n\n\t\t<div class=\"box-text text-center\" >\n\t\t\t<div class=\"box-text-inner\">\n\t\t\t\t\n<h3><strong>MENTOR 1:1<\/strong><\/h3>\n<p>H\u01b0\u1edbng d\u1eabn tr\u1ef1c ti\u1ebfp\/t\u1eeb xa &#038; h\u1ed7 tr\u1ee3 1:1 c\u00e1 nh\u00e2n, \u0111\u1ed9i nh\u00f3m b\u00e1n h\u00e0ng hi\u1ec7u qu\u1ea3.<\/p>\n\t\t\t<\/div>\n\t\t<\/div>\n\t<\/div>\n\t\n\t\t<\/div>\n\t\t\t\t\t<\/div>\n\n\t\n\n\t<div id=\"col-202509211\" class=\"col medium-2 small-6 large-2\"  >\n\t\t\t\t<div class=\"col-inner\"  >\n\t\t\t\n\t\t\t\n\t<div class=\"box has-hover   has-hover box-text-bottom\" >\n\n\t\t<div class=\"box-image\" >\n\t\t\t\t\t\t<div class=\"\" >\n\t\t\t\t<img loading=\"lazy\" decoding=\"async\" width=\"264\" height=\"188\" src=\"https:\/\/knstgroup.com\/sites\/anneco\/wp-content\/uploads\/sites\/14\/2024\/12\/training_blog_banner_3.png\" class=\"attachment- size-\" alt=\"\" \/>\t\t\t\t\t\t\t\t\t\t\t<\/div>\n\t\t\t\t\t<\/div>\n\n\t\t<div class=\"box-text text-center\" >\n\t\t\t<div class=\"box-text-inner\">\n\t\t\t\t\n<h3><strong>ENTERPRISE<\/strong><\/h3>\n<p>X\u00e2y d\u1ef1ng \u0111\u1ed9i ng\u0169 v\u1eadn h\u00e0nh t\u00e0i kho\u1ea3n cho Doanh nghi\u1ec7p tr\u00ean Amazon.<\/p>\n\t\t\t<\/div>\n\t\t<\/div>\n\t<\/div>\n\t\n\t\t<\/div>\n\t\t\t\t\t<\/div>\n\n\t\n\n\t<div id=\"col-79770784\" class=\"col medium-2 small-6 large-2\"  >\n\t\t\t\t<div class=\"col-inner\"  >\n\t\t\t\n\t\t\t\n\t<div class=\"box has-hover   has-hover box-text-bottom\" >\n\n\t\t<div class=\"box-image\" >\n\t\t\t\t\t\t<div class=\"\" >\n\t\t\t\t<img loading=\"lazy\" decoding=\"async\" width=\"940\" height=\"639\" src=\"https:\/\/knstgroup.com\/sites\/anneco\/wp-content\/uploads\/sites\/14\/2024\/12\/00e14e_adb6b0ba865a48e1a532c8fe4fb0361amv2.jpg\" class=\"attachment- size-\" alt=\"\" srcset=\"https:\/\/knstgroup.com\/sites\/anneco\/wp-content\/uploads\/sites\/14\/2024\/12\/00e14e_adb6b0ba865a48e1a532c8fe4fb0361amv2.jpg 940w, https:\/\/knstgroup.com\/sites\/anneco\/wp-content\/uploads\/sites\/14\/2024\/12\/00e14e_adb6b0ba865a48e1a532c8fe4fb0361amv2-300x204.jpg 300w, https:\/\/knstgroup.com\/sites\/anneco\/wp-content\/uploads\/sites\/14\/2024\/12\/00e14e_adb6b0ba865a48e1a532c8fe4fb0361amv2-768x522.jpg 768w\" sizes=\"auto, (max-width: 940px) 100vw, 940px\" \/>\t\t\t\t\t\t\t\t\t\t\t<\/div>\n\t\t\t\t\t<\/div>\n\n\t\t<div class=\"box-text text-center\" >\n\t\t\t<div class=\"box-text-inner\">\n\t\t\t\t\n<h3><strong>SELLERATOR<\/strong><\/h3>\n<p>Ch\u01b0\u01a1ng tr\u00ecnh h\u01b0\u1edbng d\u1eabn tr\u1ef1c ti\u1ebfp Seller b\u00e1n &#038; x\u00e2y d\u1ef1ng th\u01b0\u01a1ng hi\u1ec7u<\/p>\n\t\t\t<\/div>\n\t\t<\/div>\n\t<\/div>\n\t\n\t\t<\/div>\n\t\t\t\t\t<\/div>\n\n\t\n<\/div>\n\t\t<\/div>\n\t\t\t\t\t<\/div>\n\n\t\n<\/div>\n<div class=\"row\"  id=\"row-1847293018\">\n\n\t<div id=\"col-558032763\" class=\"col small-12 large-12\"  >\n\t\t\t\t<div class=\"col-inner\"  >\n\t\t\t\n\t\t\t\n<div class=\"container section-title-container\" ><h3 class=\"section-title section-title-center\"><b><\/b><span class=\"section-title-main\" >\u0110\u1ed8I NG\u0168 GI\u1ea2NG VI\u00caN CH\u1ea4T L\u01af\u1ee2NG<\/span><b><\/b><\/h3><\/div>\n\t\t<\/div>\n\t\t\t\t\t<\/div>\n\n\t\n\n\t<div id=\"col-1505577265\" class=\"col medium-1 small-12 large-1\"  >\n\t\t\t\t<div class=\"col-inner\"  >\n\t\t\t\n\t\t\t\n\t\t<\/div>\n\t\t\t\t\t<\/div>\n\n\t\n\n\t<div id=\"col-1803943871\" class=\"col medium-5 small-12 large-5\"  >\n\t\t\t\t<div class=\"col-inner\"  >\n\t\t\t\n\t\t\t\n\t<div class=\"box has-hover   has-hover box-text-bottom\" >\n\n\t\t<div class=\"box-image\" style=\"border-radius:100%;width:60%;\">\n\t\t\t\t\t\t<div class=\"\" >\n\t\t\t\t<img loading=\"lazy\" decoding=\"async\" width=\"330\" height=\"330\" src=\"https:\/\/knstgroup.com\/sites\/anneco\/wp-content\/uploads\/sites\/14\/2024\/12\/z3665426731913_7897168c034dc496257dd9e9a.png\" class=\"attachment- size-\" alt=\"\" srcset=\"https:\/\/knstgroup.com\/sites\/anneco\/wp-content\/uploads\/sites\/14\/2024\/12\/z3665426731913_7897168c034dc496257dd9e9a.png 330w, https:\/\/knstgroup.com\/sites\/anneco\/wp-content\/uploads\/sites\/14\/2024\/12\/z3665426731913_7897168c034dc496257dd9e9a-300x300.png 300w, https:\/\/knstgroup.com\/sites\/anneco\/wp-content\/uploads\/sites\/14\/2024\/12\/z3665426731913_7897168c034dc496257dd9e9a-150x150.png 150w\" sizes=\"auto, (max-width: 330px) 100vw, 330px\" \/>\t\t\t\t<div class=\"overlay\" style=\"background-color:rgba(179, 179, 179, 0.134)\"><\/div>\t\t\t\t\t\t\t<\/div>\n\t\t\t\t\t<\/div>\n\n\t\t<div class=\"box-text text-center\" >\n\t\t\t<div class=\"box-text-inner\">\n\t\t\t\t\n<h3 style=\"text-align: center;\"><strong>Mr. T\u00d9NG PH\u1ea0M<\/strong><br \/>FOUNDER &amp; CEO ANNECO GROUP<\/h3>\n<ul class=\"font_7 wixui-rich-text__text\">\n<li class=\"wixui-rich-text__text\">\n<p class=\"font_7 wixui-rich-text__text\" style=\"text-align: left;\">G\u1ea7n 10 n\u0103m kinh nghi\u1ec7m trong l\u0129nh v\u1ef1c Th\u01b0\u01a1ng m\u1ea1i \u0110i\u1ec7n t\u1eed.<\/p>\n<\/li>\n<li class=\"wixui-rich-text__text\" style=\"text-align: left;\">\n<p class=\"font_7 wixui-rich-text__text\">Chinh ph\u1ee5c c\u00e1c c\u1ed9t m\u1ed1c Best Seller on Amazon<\/p>\n<\/li>\n<li class=\"wixui-rich-text__text\" style=\"text-align: left;\">\n<p class=\"font_7 wixui-rich-text__text\">\u0110\u1ed3ng h\u00e0nh c\u00f9ng h\u01a1n 250 h\u1ecdc vi\u00ean b\u1ee9t ph\u00e1 kinh doanh v\u1edbi Amazon<\/p>\n<\/li>\n<li class=\"wixui-rich-text__text\">\n<p class=\"font_7 wixui-rich-text__text\" style=\"text-align: left;\">Kinh nghi\u1ec7m kinh doanh \u0111a n\u1ec1n t\u1ea3ng Th\u01b0\u01a1ng m\u1ea1i \u0110i\u1ec7n t\u1eed qu\u1ed1c t\u1ebf kh\u00e1c nh\u01b0: Etsy, Walmart, Alibaba, eBay, Shopify&#8230;<\/p>\n<\/li>\n<\/ul>\n\t\t\t<\/div>\n\t\t<\/div>\n\t<\/div>\n\t\n\t\t<\/div>\n\t\t\t\t\t<\/div>\n\n\t\n\n\t<div id=\"col-1848009938\" class=\"col medium-5 small-12 large-5\"  >\n\t\t\t\t<div class=\"col-inner\"  >\n\t\t\t\n\t\t\t\n\t<div class=\"box has-hover   has-hover box-default box-text-bottom\" >\n\n\t\t<div class=\"box-image\" style=\"border-radius:100%;width:60%;\">\n\t\t\t\t\t\t<div class=\"image-cover\" style=\"padding-top:100%;\">\n\t\t\t\t<img loading=\"lazy\" decoding=\"async\" width=\"314\" height=\"314\" src=\"https:\/\/knstgroup.com\/sites\/anneco\/wp-content\/uploads\/sites\/14\/2024\/12\/z3600649475153_f4837246e679f6865e105d78e.png\" class=\"attachment- size-\" alt=\"\" srcset=\"https:\/\/knstgroup.com\/sites\/anneco\/wp-content\/uploads\/sites\/14\/2024\/12\/z3600649475153_f4837246e679f6865e105d78e.png 314w, https:\/\/knstgroup.com\/sites\/anneco\/wp-content\/uploads\/sites\/14\/2024\/12\/z3600649475153_f4837246e679f6865e105d78e-300x300.png 300w, https:\/\/knstgroup.com\/sites\/anneco\/wp-content\/uploads\/sites\/14\/2024\/12\/z3600649475153_f4837246e679f6865e105d78e-150x150.png 150w\" sizes=\"auto, (max-width: 314px) 100vw, 314px\" \/>\t\t\t\t<div class=\"overlay\" style=\"background-color:rgba(179, 179, 179, 0.145)\"><\/div>\t\t\t\t\t\t\t<\/div>\n\t\t\t\t\t<\/div>\n\n\t\t<div class=\"box-text text-center\" >\n\t\t\t<div class=\"box-text-inner\">\n\t\t\t\t\n<h3 style=\"text-align: center;\"><strong>Mr. TU\u1ea4N KAYO<\/strong><br \/>CO-FOUNDER &amp; TRAINING DIRECTOR<\/h3>\n<ul class=\"font_7 wixui-rich-text__text\">\n<li class=\"wixui-rich-text__text\">\n<p class=\"font_7 wixui-rich-text__text\" style=\"text-align: left;\">H\u01a1n 10 n\u0103m kinh nghi\u1ec7m v\u1ec1 Digital Marketing v\u00e0 Th\u01b0\u01a1ng m\u1ea1i \u0111i\u1ec7n t\u1eed<\/p>\n<\/li>\n<li class=\"wixui-rich-text__text\" style=\"text-align: left;\">\n<p class=\"font_7 wixui-rich-text__text\">Co-Founder c\u1ed9ng \u0111\u1ed3ng x\u00fac ti\u1ebfn xu\u1ea5t kh\u1ea9u th\u00f4ng minh qua th\u01b0\u01a1ng m\u1ea1i \u0111i\u1ec7n t\u1eed v\u1edbi h\u01a1n 800+ doanh nghi\u1ec7p th\u00e0nh vi\u00ean<\/p>\n<\/li>\n<li class=\"wixui-rich-text__text\">\n<p class=\"font_7 wixui-rich-text__text\" style=\"text-align: left;\">Kinh nghi\u1ec7m h\u01b0\u1edbng d\u1eabn 10+ kh\u00f3a v\u1edbi 120+ h\u1ecdc vi\u00ean v\u00e0 kinh doanh \u0111a n\u1ec1n t\u1ea3ng Th\u01b0\u01a1ng m\u1ea1i \u0110i\u1ec7n t\u1eed qu\u1ed1c t\u1ebf kh\u00e1c<\/p>\n<\/li>\n<\/ul>\n\t\t\t<\/div>\n\t\t<\/div>\n\t<\/div>\n\t\n\t\t<\/div>\n\t\t\t\t\t<\/div>\n\n\t\n\n\t<div id=\"col-1357103971\" class=\"col medium-1 small-12 large-1\"  >\n\t\t\t\t<div class=\"col-inner\"  >\n\t\t\t\n\t\t\t\n\t\t<\/div>\n\t\t\t\t\t<\/div>\n\n\t\n<\/div>\n<div class=\"row\"  id=\"row-1318319143\">\n\n\t<div id=\"col-68170622\" class=\"col small-12 large-12\"  >\n\t\t\t\t<div class=\"col-inner\"  >\n\t\t\t\n\t\t\t\n<h3 style=\"text-align: center;\"><strong>\u0110\u1ed0I T\u00c1C C\u1ee6A CH\u00daNG T\u00d4I<\/strong><\/h3>\n\t\t<\/div>\n\t\t\t\t\t<\/div>\n\n\t\n<\/div>\n","protected":false},"excerpt":{"rendered":"","protected":false},"author":1,"featured_media":0,"parent":0,"menu_order":0,"comment_status":"closed","ping_status":"closed","template":"page-blank.php","meta":{"footnotes":""},"class_list":["post-155","page","type-page","status-publish","hentry"],"_links":{"self":[{"href":"https:\/\/knstgroup.com\/sites\/anneco\/wp-json\/wp\/v2\/pages\/155","targetHints":{"allow":["GET"]}}],"collection":[{"href":"https:\/\/knstgroup.com\/sites\/anneco\/wp-json\/wp\/v2\/pages"}],"about":[{"href":"https:\/\/knstgroup.com\/sites\/anneco\/wp-json\/wp\/v2\/types\/page"}],"author":[{"embeddable":true,"href":"https:\/\/knstgroup.com\/sites\/anneco\/wp-json\/wp\/v2\/users\/1"}],"replies":[{"embeddable":true,"href":"https:\/\/knstgroup.com\/sites\/anneco\/wp-json\/wp\/v2\/comments?post=155"}],"version-history":[{"count":16,"href":"https:\/\/knstgroup.com\/sites\/anneco\/wp-json\/wp\/v2\/pages\/155\/revisions"}],"predecessor-version":[{"id":249,"href":"https:\/\/knstgroup.com\/sites\/anneco\/wp-json\/wp\/v2\/pages\/155\/revisions\/249"}],"wp:attachment":[{"href":"https:\/\/knstgroup.com\/sites\/anneco\/wp-json\/wp\/v2\/media?parent=155"}],"curies":[{"name":"wp","href":"https:\/\/api.w.org\/{rel}","templated":true}]}}