 
{"id":153,"date":"2024-12-20T09:06:56","date_gmt":"2024-12-20T09:06:56","guid":{"rendered":"https:\/\/knstgroup.com\/sites\/anneco\/?page_id=153"},"modified":"2024-12-22T05:41:03","modified_gmt":"2024-12-22T05:41:03","slug":"dang-ky-bao-ho-nhan-hieu","status":"publish","type":"page","link":"https:\/\/knstgroup.com\/sites\/anneco\/dang-ky-bao-ho-nhan-hieu\/","title":{"rendered":"\u0110\u0102NG K\u00dd B\u1ea2O H\u1ed8 NH\u00c3N HI\u1ec6U"},"content":{"rendered":"\n  <div class=\"banner has-hover\" id=\"banner-1921740512\">\n          <div class=\"banner-inner fill\">\n        <div class=\"banner-bg fill\" >\n                                                \n                    <\/div>\n\t\t\n\t<div class=\"ux-shape-divider ux-shape-divider--bottom ux-shape-divider--style-waves-opacity-3\">\n\t\t<svg viewBox=\"0 0 1000 300\" xmlns=\"http:\/\/www.w3.org\/2000\/svg\" preserveAspectRatio=\"none\">\n\t<path class=\"ux-shape-fill\" opacity=\"0.05\" d=\"M1014 264V386H206L34 300C34 300 344.42 277.16 436 221C542 156 590 160 704 209C811 255 899.11 214.94 979 346L1014 264Z\"\/>\n\t<path class=\"ux-shape-fill\" opacity=\"0.1\" d=\"M-302 55C-302 55 -66.73 263.25 50 214C178 160 283 116 353 141C445.68 174.1 534.28 256.19 588 249C692.9 235 764.52 75.94 855 131C940.61 183.09 1000 254 1000 254V328L-306 338L-302 55Z\"\/>\n\t<path class=\"ux-shape-fill\" opacity=\"0.15\" d=\"M-286 255C-286 255 -72 152 52 126C176 100 255 155 436 227C581.57 284.91 614.7 277.79 708 227C787 184 1009 3.0001 1093 164C1146 265.63 1031 293 1031 293L924 377L-288 389L-286 255Z\"\/>\n\t<path class=\"ux-shape-fill\" opacity=\"0.3\" d=\"M-24 69C-24 69 275.68 370.66 389 314C397 310 622 316 673 356C690.47 369.7 845 224 890 182C944.8 130.85 1018 92 1078 143C1154.12 207.7 1196 242 1196 242L1184 374L-28 386L-24 69Z\"\/>\n\t<path class=\"ux-shape-fill\" d=\"M-12 201C-12 201 58 284 182 258C306 232 342.29 221.23 456 264C565 305 640.82 288.36 721 249C776 222 837.5 191.31 935 253C984 284 1030 279 1030 279L1024 430L-12 440V201Z\"\/>\n<\/svg>\n\t<\/div>\n        <div class=\"banner-layers container\">\n            <div class=\"fill banner-link\"><\/div>            \n   <div id=\"text-box-2022288721\" class=\"text-box banner-layer x95 md-x95 lg-x95 y20 md-y20 lg-y20 res-text\">\n                                <div class=\"text-box-content text \">\n              \n              <div class=\"text-inner text-center\">\n                  \n<h3><strong>\u0110\u0102NG K\u00dd B\u1ea2O H\u1ed8 NH\u00c3N HI\u1ec6U<\/strong><\/h3>\n<h4>T\u1ef0 TIN B\u1ee8T PH\u00c1 KINH DOANH XUY\u00caN BI\u00caN GI\u1edaI<\/h4>\n<a class=\"button primary\"  style=\"border-radius:99px;\">\n\t\t<span>Li\u00ean h\u1ec7 ngay<\/span>\n\t<\/a>\n\n              <\/div>\n           <\/div>\n                            \n<style>\n#text-box-2022288721 {\n  width: 49%;\n}\n#text-box-2022288721 .text-box-content {\n  font-size: 100%;\n}\n<\/style>\n    <\/div>\n \n\t<div class=\"img has-hover x10 md-x10 lg-x10 y0 md-y0 lg-y0\" id=\"image_1205085358\">\n\t\t\t\t\t\t\t\t<div class=\"img-inner dark\" >\n\t\t\t<img loading=\"lazy\" decoding=\"async\" width=\"522\" height=\"553\" src=\"https:\/\/knstgroup.com\/sites\/anneco\/wp-content\/uploads\/sites\/14\/2024\/12\/dk1.png\" class=\"attachment-large size-large\" alt=\"\" srcset=\"https:\/\/knstgroup.com\/sites\/anneco\/wp-content\/uploads\/sites\/14\/2024\/12\/dk1.png 522w, https:\/\/knstgroup.com\/sites\/anneco\/wp-content\/uploads\/sites\/14\/2024\/12\/dk1-283x300.png 283w\" sizes=\"auto, (max-width: 522px) 100vw, 522px\" \/>\t\t\t\t\t\t\n\t\t\t\t\t<\/div>\n\t\t\t\t\t\t\t\t\n<style>\n#image_1205085358 {\n  width: 35%;\n}\n<\/style>\n\t<\/div>\n\t\n        <\/div>\n      <\/div>\n\n            \n<style>\n#banner-1921740512 {\n  padding-top: 500px;\n  background-color: rgb(230, 244, 255);\n}\n#banner-1921740512 .ux-shape-divider--bottom svg {\n  height: 150px;\n  --divider-width: 100%;\n}\n<\/style>\n  <\/div>\n\n\n<div class=\"row\"  id=\"row-532559153\">\n\n\t<div id=\"col-1241084205\" class=\"col medium-2 small-12 large-2\"  >\n\t\t\t\t<div class=\"col-inner\"  >\n\t\t\t\n\t\t\t\n\t\t<\/div>\n\t\t\t\t\t<\/div>\n\n\t\n\n\t<div id=\"col-1173464833\" class=\"col medium-8 small-12 large-8\"  >\n\t\t\t\t<div class=\"col-inner\"  >\n\t\t\t\n\t\t\t\n<p style=\"text-align: center;\">Vi\u1ec7c m\u1edf r\u1ed9ng v\u00e0 ph\u00e1t tri\u1ec3n kinh doanh tr\u00ean m\u1ed9t th\u1ecb tr\u01b0\u1eddng m\u1edbi, \u0111\u1eb7c bi\u1ec7t l\u00e0 th\u1ecb tr\u01b0\u1eddng Qu\u1ed1c t\u1ebf s\u1ebd ph\u1ea3i \u0111\u1ed1i m\u1eb7t v\u1edbi r\u1ea5t nhi\u1ec1u r\u00e0o c\u1ea3n. Tuy nhi\u00ean, kh\u00f4ng ph\u1ea3i nh\u00e0 b\u00e1n h\u00e0ng n\u00e0o c\u0169ng nh\u1eadn ra \u0111\u01b0\u1ee3c t\u1ea7m quan tr\u1ecdng c\u1ee7a vi\u1ec7c b\u1ea3o h\u1ed9 nh\u00e3n hi\u1ec7u th\u00f4ng qua qu\u00e1 tr\u00ecnh \u0111\u0103ng k\u00fd nh\u00e3n hi\u1ec7u. Vi\u1ec7c b\u1ea3o h\u1ed9 nh\u00e3n hi\u1ec7u s\u1ebd gi\u00fap doanh nghi\u1ec7p kh\u1eb3ng \u0111\u1ecbnh \u0111\u01b0\u1ee3c ch\u1ea5t l\u01b0\u1ee3ng v\u00e0 v\u1ecb th\u1ebf c\u1ee7a m\u00ecnh t\u1eeb \u0111\u00f3 t\u1ea1o \u0111\u01b0\u1ee3c ni\u1ec1m tin cho \u0111\u1ed1i t\u00e1c, kh\u00e1ch h\u00e0ng Qu\u1ed1c t\u1ebf.<\/p>\n<p style=\"text-align: center;\">V\u1edbi nhi\u1ec1u n\u0103m kinh nghi\u1ec7m \u201cchinh chi\u1ebfn\u201d tr\u00ean th\u1ecb tr\u01b0\u1eddng Th\u01b0\u01a1ng m\u1ea1i \u0110i\u1ec7n t\u1eed Qu\u1ed1c t\u1ebf c\u00f9ng v\u1edbi s\u1ef1 am hi\u1ec3u v\u1ec1 quy \u0111\u1ecbnh \u0111\u0103ng k\u00fd nh\u00e3n hi\u1ec7u Qu\u1ed1c t\u1ebf t\u1eeb c\u00e1c chuy\u00ean gia, Anneco Group t\u1ef1 tin mang \u0111\u1ebfn d\u1ecbch v\u1ee5 \u0111\u0103ng k\u00fd b\u1ea3o h\u1ed9 nh\u00e3n hi\u1ec7u nh\u1eb1m gi\u00fap kh\u00e1ch h\u00e0ng kinh doanh Qu\u1ed1c t\u1ebf m\u1ed9t c\u00e1ch hi\u1ec7u qu\u1ea3 v\u00e0 b\u1ec1n v\u1eefng.<\/p>\n\t\t<\/div>\n\t\t\t\t\t<\/div>\n\n\t\n\n\t<div id=\"col-352828742\" class=\"col medium-2 small-12 large-2\"  >\n\t\t\t\t<div class=\"col-inner\"  >\n\t\t\t\n\t\t\t\n\t\t<\/div>\n\t\t\t\t\t<\/div>\n\n\t\n<\/div>\n<div class=\"row\"  id=\"row-1401479050\">\n\n\t<div id=\"col-562080467\" class=\"col small-12 large-12\"  >\n\t\t\t\t<div class=\"col-inner\"  >\n\t\t\t\n\t\t\t\n<h3 class=\"font_5 wixui-rich-text__text\" style=\"text-align: center;\"><strong><span class=\"wixui-rich-text__text\">TR\u00ccNH T\u1ef0 TI\u1ebeN H\u00c0NH TRA C\u1ee8U NH\u00c3N HI\u1ec6U<\/span><\/strong><\/h3>\n\t\t<\/div>\n\t\t\t\t\t<\/div>\n\n\t\n\n\t<div id=\"col-2071413008\" class=\"col small-12 large-12\"  >\n\t\t\t\t<div class=\"col-inner\"  >\n\t\t\t\n\t\t\t\n\t<div class=\"img has-hover x md-x lg-x y md-y lg-y\" id=\"image_1508857894\">\n\t\t\t\t\t\t\t\t<div class=\"img-inner dark\" >\n\t\t\t<img loading=\"lazy\" decoding=\"async\" width=\"1330\" height=\"734\" src=\"https:\/\/knstgroup.com\/sites\/anneco\/wp-content\/uploads\/sites\/14\/2024\/12\/Screenshot-2024-12-20-005518.png\" class=\"attachment-original size-original\" alt=\"\" srcset=\"https:\/\/knstgroup.com\/sites\/anneco\/wp-content\/uploads\/sites\/14\/2024\/12\/Screenshot-2024-12-20-005518.png 1330w, https:\/\/knstgroup.com\/sites\/anneco\/wp-content\/uploads\/sites\/14\/2024\/12\/Screenshot-2024-12-20-005518-300x166.png 300w, https:\/\/knstgroup.com\/sites\/anneco\/wp-content\/uploads\/sites\/14\/2024\/12\/Screenshot-2024-12-20-005518-1024x565.png 1024w, https:\/\/knstgroup.com\/sites\/anneco\/wp-content\/uploads\/sites\/14\/2024\/12\/Screenshot-2024-12-20-005518-768x424.png 768w\" sizes=\"auto, (max-width: 1330px) 100vw, 1330px\" \/>\t\t\t\t\t\t\n\t\t\t\t\t<\/div>\n\t\t\t\t\t\t\t\t\n<style>\n#image_1508857894 {\n  width: 100%;\n}\n<\/style>\n\t<\/div>\n\t\n\t\t<\/div>\n\t\t\t\t\t<\/div>\n\n\t\n<\/div>\n<div class=\"row\"  id=\"row-326686000\">\n\n\t<div id=\"col-496525338\" class=\"col small-12 large-12\"  >\n\t\t\t\t<div class=\"col-inner\"  >\n\t\t\t\n\t\t\t\n<h3 class=\"font_5 wixui-rich-text__text\" style=\"text-align: center;\"><strong><span class=\"wixui-rich-text__text\">\u0110\u1ed2NG H\u00c0NH C\u00d9NG ANNECO TR\u00caN H\u00c0NH TR\u00ccNH CHINH PH\u1ee4C<br \/>\nK\u1ef6 NGUY\u00caN KH\u00d4NG &#8211; BI\u00caN &#8211; GI\u1edaI<\/span><\/strong><\/h3>\n\t\t<\/div>\n\t\t\t\t\t<\/div>\n\n\t\n\n\t<div id=\"col-119572706\" class=\"col small-12 large-12\"  >\n\t\t\t\t<div class=\"col-inner\"  >\n\t\t\t\n\t\t\t\n\t<div class=\"img has-hover x md-x lg-x y md-y lg-y\" id=\"image_1110339794\">\n\t\t\t\t\t\t\t\t<div class=\"img-inner dark\" >\n\t\t\t<img loading=\"lazy\" decoding=\"async\" width=\"1132\" height=\"748\" src=\"https:\/\/knstgroup.com\/sites\/anneco\/wp-content\/uploads\/sites\/14\/2024\/12\/dk2.png\" class=\"attachment-original size-original\" alt=\"\" srcset=\"https:\/\/knstgroup.com\/sites\/anneco\/wp-content\/uploads\/sites\/14\/2024\/12\/dk2.png 1132w, https:\/\/knstgroup.com\/sites\/anneco\/wp-content\/uploads\/sites\/14\/2024\/12\/dk2-300x198.png 300w, https:\/\/knstgroup.com\/sites\/anneco\/wp-content\/uploads\/sites\/14\/2024\/12\/dk2-1024x677.png 1024w, https:\/\/knstgroup.com\/sites\/anneco\/wp-content\/uploads\/sites\/14\/2024\/12\/dk2-768x507.png 768w\" sizes=\"auto, (max-width: 1132px) 100vw, 1132px\" \/>\t\t\t\t\t\t\n\t\t\t\t\t<\/div>\n\t\t\t\t\t\t\t\t\n<style>\n#image_1110339794 {\n  width: 100%;\n}\n<\/style>\n\t<\/div>\n\t\n\t\t<\/div>\n\t\t\t\t\t<\/div>\n\n\t\n<\/div>\n","protected":false},"excerpt":{"rendered":"","protected":false},"author":1,"featured_media":0,"parent":0,"menu_order":0,"comment_status":"closed","ping_status":"closed","template":"page-blank.php","meta":{"footnotes":""},"class_list":["post-153","page","type-page","status-publish","hentry"],"_links":{"self":[{"href":"https:\/\/knstgroup.com\/sites\/anneco\/wp-json\/wp\/v2\/pages\/153","targetHints":{"allow":["GET"]}}],"collection":[{"href":"https:\/\/knstgroup.com\/sites\/anneco\/wp-json\/wp\/v2\/pages"}],"about":[{"href":"https:\/\/knstgroup.com\/sites\/anneco\/wp-json\/wp\/v2\/types\/page"}],"author":[{"embeddable":true,"href":"https:\/\/knstgroup.com\/sites\/anneco\/wp-json\/wp\/v2\/users\/1"}],"replies":[{"embeddable":true,"href":"https:\/\/knstgroup.com\/sites\/anneco\/wp-json\/wp\/v2\/comments?post=153"}],"version-history":[{"count":6,"href":"https:\/\/knstgroup.com\/sites\/anneco\/wp-json\/wp\/v2\/pages\/153\/revisions"}],"predecessor-version":[{"id":230,"href":"https:\/\/knstgroup.com\/sites\/anneco\/wp-json\/wp\/v2\/pages\/153\/revisions\/230"}],"wp:attachment":[{"href":"https:\/\/knstgroup.com\/sites\/anneco\/wp-json\/wp\/v2\/media?parent=153"}],"curies":[{"name":"wp","href":"https:\/\/api.w.org\/{rel}","templated":true}]}}