 
{"id":133,"date":"2024-12-19T17:43:34","date_gmt":"2024-12-19T17:43:34","guid":{"rendered":"https:\/\/knstgroup.com\/sites\/anneco\/?page_id=133"},"modified":"2024-12-22T03:21:18","modified_gmt":"2024-12-22T03:21:18","slug":"cau-chuyen-thuong-hieu","status":"publish","type":"page","link":"https:\/\/knstgroup.com\/sites\/anneco\/cau-chuyen-thuong-hieu\/","title":{"rendered":"C\u00c2U CHUY\u1ec6N TH\u01af\u01a0NG HI\u1ec6U"},"content":{"rendered":"\n  <div class=\"banner has-hover\" id=\"banner-26183825\">\n          <div class=\"banner-inner fill\">\n        <div class=\"banner-bg fill\" >\n                                    <div class=\"overlay\"><\/div>            \n                    <\/div>\n\t\t\n        <div class=\"banner-layers container\">\n            <div class=\"fill banner-link\"><\/div>            \n   <div id=\"text-box-613576822\" class=\"text-box banner-layer x50 md-x50 lg-x50 y50 md-y50 lg-y50 res-text\">\n                                <div class=\"text-box-content text \">\n              \n              <div class=\"text-inner text-center\">\n                  \n<div id=\"comp-lcy7v45v\" class=\"HcOXKn c9GqVL QxJLC3 lq2cno YQcXTT comp-lcy7v45v wixui-rich-text\" data-testid=\"richTextElement\" data-motion-enter=\"done\">\n<h1 class=\"font_4 wixui-rich-text__text\" style=\"text-align: center;\"><strong><span class=\"wixui-rich-text__text\">C\u00c2U CHUY\u1ec6N TH\u01af\u01a0NG HI\u1ec6U<\/span><\/strong><\/h1>\n<\/div>\n<div id=\"comp-lcy7z6t5\" class=\"HcOXKn c9GqVL QxJLC3 lq2cno YQcXTT comp-lcy7z6t5 wixui-rich-text\" data-testid=\"richTextElement\" data-motion-enter=\"done\">\n<h4 class=\"font_2 wixui-rich-text__text\" style=\"text-align: center;\"><span class=\"wixui-rich-text__text\">\u200bS\u1ee8C M\u1ea0NH CH\u1ea0M \u0110\u1ebeN TR\u00c1I TIM KH\u00c1CH H\u00c0NG<\/span><\/h4>\n<\/div>\n              <\/div>\n           <\/div>\n                            \n<style>\n#text-box-613576822 {\n  width: 60%;\n}\n#text-box-613576822 .text-box-content {\n  font-size: 100%;\n}\n<\/style>\n    <\/div>\n \n\t<div class=\"img has-hover x50 md-x50 lg-x50 y50 md-y50 lg-y50\" id=\"image_867103067\">\n\t\t\t\t<div data-parallax-fade=\"true\" data-parallax=\"1\">\t\t<div data-animate=\"blurIn\">\t\t<div class=\"img-inner image-zoom dark\" >\n\t\t\t<img loading=\"lazy\" decoding=\"async\" width=\"1\" height=\"1\" src=\"https:\/\/knstgroup.com\/sites\/anneco\/wp-content\/uploads\/sites\/14\/2024\/12\/svgexport-3.svg\" class=\"attachment-medium_large size-medium_large\" alt=\"\" \/>\t\t\t\t\t\t\n\t\t\t\t\t<\/div>\n\t\t<\/div>\t\t<\/div>\t\t\t\t\n<style>\n#image_867103067 {\n  width: 32%;\n}\n<\/style>\n\t<\/div>\n\t\n        <\/div>\n      <\/div>\n\n            \n<style>\n#banner-26183825 {\n  padding-top: 500px;\n  background-color: rgba(0, 0, 0, 0);\n}\n#banner-26183825 .overlay {\n  background-color: rgba(0, 0, 0, 0);\n}\n<\/style>\n  <\/div>\n\n\n<div class=\"row\"  id=\"row-1026926540\">\n\n\t<div id=\"col-237672176\" class=\"col medium-2 small-12 large-2\"  >\n\t\t\t\t<div class=\"col-inner\"  >\n\t\t\t\n\t\t\t\n\t\t<\/div>\n\t\t\t\t\t<\/div>\n\n\t\n\n\t<div id=\"col-1461946645\" class=\"col medium-8 small-12 large-8\"  >\n\t\t\t\t<div class=\"col-inner\"  >\n\t\t\t\n\t\t\t\n\t<div id=\"text-3501052748\" class=\"text\">\n\t\t\n<p style=\"text-align: center;\">S\u00e1ng t\u1ea1o n\u1ed9i dung nh\u01b0 k\u1ec3 m\u1ed9t c\u00e2u chuy\u1ec7n v\u00e0 \u0111\u1ed1i v\u1edbi ng\u01b0\u1eddi l\u00e0m kinh doanh th\u00ec s\u1ebd kh\u00f4ng c\u00f3 c\u00e2u chuy\u1ec7n n\u00e0o \u0111\u00e1ng k\u1ec3 b\u1eb1ng c\u00e2u chuy\u1ec7n th\u01b0\u01a1ng hi\u1ec7u c\u1ee7a h\u1ecd. X\u00e2y d\u1ef1ng c\u00e2u chuy\u1ec7n th\u01b0\u01a1ng hi\u1ec7u s\u1ebd gi\u00fap thu h\u00fat v\u00e0 khi\u1ebfn kh\u00e1ch h\u00e0ng t\u01b0\u01a1ng t\u00e1c v\u1edbi th\u01b0\u01a1ng hi\u1ec7u nhi\u1ec1u h\u01a1n. Tuy nhi\u00ean, vi\u1ec7c x\u00e2y d\u1ef1ng n\u1ed9i dung th\u01b0\u01a1ng hi\u1ec7u s\u1ebd g\u1eb7p r\u1ea5t nhi\u1ec1u kh\u00f3 kh\u0103n v\u00e0 kh\u00f4ng mang l\u1ea1i hi\u1ec7u qu\u1ea3 cao n\u1ebfu kh\u00f4ng c\u00f3 m\u1ed9t chi\u1ebfn l\u01b0\u1ee3c ph\u00e1t tri\u1ec3n ph\u00f9 h\u1ee3p.<\/p>\n<p style=\"text-align: center;\">Hi\u1ec3u \u0111\u01b0\u1ee3c \u0111i\u1ec1u \u0111\u00f3, Anneco Group mang \u0111\u1ebfn d\u1ecbch v\u1ee5 \u201cS\u00e1ng t\u1ea1o n\u1ed9i dung\u201d ch\u1ea5t l\u01b0\u1ee3ng cao, cam k\u1ebft \u0111\u1ed3ng h\u00e0nh c\u00f9ng kh\u00e1ch h\u00e0ng \u0111\u1ec3 t\u1ea1o ra nh\u1eefng chi\u1ebfn l\u01b0\u1ee3c ph\u00f9 h\u1ee3p nh\u1ea5t v\u1edbi t\u1eebng s\u1ea3n ph\u1ea9m. T\u1eeb \u0111\u00f3 t\u1ea1o n\u00ean nh\u1eefng gi\u00e1 tr\u1ecb ri\u00eang cho s\u1ea3n ph\u1ea9m v\u00e0 th\u01b0\u01a1ng hi\u1ec7u, gi\u00fap kh\u00e1ch h\u00e0ng th\u00e0nh c\u00f4ng khi kinh doanh Qu\u1ed1c t\u1ebf.<\/p>\n\t\t\n<style>\n#text-3501052748 {\n  font-size: 1rem;\n}\n<\/style>\n\t<\/div>\n\t\n\t\t<\/div>\n\t\t\t\t\t<\/div>\n\n\t\n\n\t<div id=\"col-757576928\" class=\"col medium-2 small-12 large-2\"  >\n\t\t\t\t<div class=\"col-inner\"  >\n\t\t\t\n\t\t\t\n\t\t<\/div>\n\t\t\t\t\t<\/div>\n\n\t\n<\/div>\n\n\t<section class=\"section\" id=\"section_394744844\">\n\t\t<div class=\"section-bg fill\" >\n\t\t\t\t\t\t\t\t\t\n\t\t\t\n\n\t\t<\/div>\n\n\t\t\n\n\t\t<div class=\"section-content relative\">\n\t\t\t\n<div class=\"row\"  id=\"row-2137536588\">\n\n\t<div id=\"col-89409669\" class=\"col medium-6 small-12 large-6\"  >\n\t\t\t\t<div class=\"col-inner text-right\"  >\n\t\t\t\n\t\t\t\n\t<div class=\"img has-hover x md-x lg-x y md-y lg-y\" id=\"image_1988243227\">\n\t\t\t\t\t\t\t\t<div class=\"img-inner dark\" >\n\t\t\t<img loading=\"lazy\" decoding=\"async\" width=\"692\" height=\"606\" src=\"https:\/\/knstgroup.com\/sites\/anneco\/wp-content\/uploads\/sites\/14\/2024\/12\/th1.png\" class=\"attachment-large size-large\" alt=\"\" srcset=\"https:\/\/knstgroup.com\/sites\/anneco\/wp-content\/uploads\/sites\/14\/2024\/12\/th1.png 692w, https:\/\/knstgroup.com\/sites\/anneco\/wp-content\/uploads\/sites\/14\/2024\/12\/th1-300x263.png 300w\" sizes=\"auto, (max-width: 692px) 100vw, 692px\" \/>\t\t\t\t\t\t\n\t\t\t\t\t<\/div>\n\t\t\t\t\t\t\t\t\n<style>\n#image_1988243227 {\n  width: 85%;\n}\n<\/style>\n\t<\/div>\n\t\n\t\t<\/div>\n\t\t\t\t\t<\/div>\n\n\t\n\n\t<div id=\"col-1848759339\" class=\"col medium-6 small-12 large-6\"  >\n\t\t\t\t<div class=\"col-inner\"  >\n\t\t\t\n\t\t\t\n<h2><strong><span style=\"color: #2068a0;\">CHI\u1ebeN L\u01af\u1ee2C TH\u01af\u01a0NG HI\u1ec6U<\/span><\/strong><\/h2>\n<p>X\u00e2y d\u1ef1ng h\u00ecnh \u1ea3nh, b\u1ed9 nh\u1eadn di\u1ec7n th\u01b0\u01a1ng hi\u1ec7u, chi\u1ebfn l\u01b0\u1ee3c ph\u00e1t tri\u1ec3n \u0111\u1ed3ng nh\u1ea5t v\u00e0 b\u00e0i b\u1ea3n, h\u1ed7 tr\u1ee3 nh\u00e0 b\u00e1n l\u1ebb kh\u00f4ng ch\u1ec9 th\u00e0nh c\u00f4ng tr\u00ean Amazon m\u00e0 c\u00f2n tr\u00ean c\u00e1c n\u1ec1n t\u1ea3ng b\u00e1n h\u00e0ng kh\u00e1c.<\/p>\n<a class=\"button primary lowercase\"  style=\"border-radius:99px;\">\n\t\t<span>Li\u00ean h\u1ec7 ngay<\/span>\n\t<\/a>\n\n\t\t<\/div>\n\t\t\t\t\n<style>\n#col-1848759339 > .col-inner {\n  padding: 60px 0px 0px 0px;\n}\n<\/style>\n\t<\/div>\n\n\t\n\n\t<div id=\"col-1748251134\" class=\"col medium-6 small-12 large-6\"  >\n\t\t\t\t<div class=\"col-inner text-right\"  >\n\t\t\t\n\t\t\t\n<h2><strong><span style=\"color: #2068a0;\">CHI\u1ebeN L\u01af\u1ee2C TH\u01af\u01a0NG HI\u1ec6U<\/span><\/strong><\/h2>\n<p>X\u00e2y d\u1ef1ng h\u00ecnh \u1ea3nh, b\u1ed9 nh\u1eadn di\u1ec7n th\u01b0\u01a1ng hi\u1ec7u, chi\u1ebfn l\u01b0\u1ee3c ph\u00e1t tri\u1ec3n \u0111\u1ed3ng nh\u1ea5t v\u00e0 b\u00e0i b\u1ea3n, h\u1ed7 tr\u1ee3 nh\u00e0 b\u00e1n l\u1ebb kh\u00f4ng ch\u1ec9 th\u00e0nh c\u00f4ng tr\u00ean Amazon m\u00e0 c\u00f2n tr\u00ean c\u00e1c n\u1ec1n t\u1ea3ng b\u00e1n h\u00e0ng kh\u00e1c.<\/p>\n<a class=\"button primary lowercase\"  style=\"border-radius:99px;\">\n\t\t<span>Li\u00ean h\u1ec7 ngay<\/span>\n\t<\/a>\n\n\t\t<\/div>\n\t\t\t\t\n<style>\n#col-1748251134 > .col-inner {\n  padding: 60px 0px 0px 0px;\n}\n<\/style>\n\t<\/div>\n\n\t\n\n\t<div id=\"col-393285751\" class=\"col medium-6 small-12 large-6\"  >\n\t\t\t\t<div class=\"col-inner text-left\"  >\n\t\t\t\n\t\t\t\n\t<div class=\"img has-hover x md-x lg-x y md-y lg-y\" id=\"image_1470718800\">\n\t\t\t\t\t\t\t\t<div class=\"img-inner dark\" >\n\t\t\t<img loading=\"lazy\" decoding=\"async\" width=\"680\" height=\"618\" src=\"https:\/\/knstgroup.com\/sites\/anneco\/wp-content\/uploads\/sites\/14\/2024\/12\/Screenshot-2024-12-20-005807.png\" class=\"attachment-large size-large\" alt=\"\" srcset=\"https:\/\/knstgroup.com\/sites\/anneco\/wp-content\/uploads\/sites\/14\/2024\/12\/Screenshot-2024-12-20-005807.png 680w, https:\/\/knstgroup.com\/sites\/anneco\/wp-content\/uploads\/sites\/14\/2024\/12\/Screenshot-2024-12-20-005807-300x273.png 300w\" sizes=\"auto, (max-width: 680px) 100vw, 680px\" \/>\t\t\t\t\t\t\n\t\t\t\t\t<\/div>\n\t\t\t\t\t\t\t\t\n<style>\n#image_1470718800 {\n  width: 85%;\n}\n<\/style>\n\t<\/div>\n\t\n\t\t<\/div>\n\t\t\t\t\t<\/div>\n\n\t\n\n\t<div id=\"col-1842170166\" class=\"col medium-6 small-12 large-6\"  >\n\t\t\t\t<div class=\"col-inner text-right\"  >\n\t\t\t\n\t\t\t\n\t<div class=\"img has-hover x md-x lg-x y md-y lg-y\" id=\"image_656441279\">\n\t\t\t\t\t\t\t\t<div class=\"img-inner dark\" >\n\t\t\t<img loading=\"lazy\" decoding=\"async\" width=\"702\" height=\"546\" src=\"https:\/\/knstgroup.com\/sites\/anneco\/wp-content\/uploads\/sites\/14\/2024\/12\/Screenshot-2024-12-20-005827.png\" class=\"attachment-large size-large\" alt=\"\" srcset=\"https:\/\/knstgroup.com\/sites\/anneco\/wp-content\/uploads\/sites\/14\/2024\/12\/Screenshot-2024-12-20-005827.png 702w, https:\/\/knstgroup.com\/sites\/anneco\/wp-content\/uploads\/sites\/14\/2024\/12\/Screenshot-2024-12-20-005827-300x233.png 300w\" sizes=\"auto, (max-width: 702px) 100vw, 702px\" \/>\t\t\t\t\t\t\n\t\t\t\t\t<\/div>\n\t\t\t\t\t\t\t\t\n<style>\n#image_656441279 {\n  width: 85%;\n}\n<\/style>\n\t<\/div>\n\t\n\t\t<\/div>\n\t\t\t\t\t<\/div>\n\n\t\n\n\t<div id=\"col-2023969894\" class=\"col medium-6 small-12 large-6\"  >\n\t\t\t\t<div class=\"col-inner\"  >\n\t\t\t\n\t\t\t\n<h2><strong><span style=\"color: #2068a0;\">PAPARAZZO STUDIO<\/span><\/strong><\/h2>\n<p>T\u1ed1i \u01b0u h\u00f3a c\u00e1c \u0111i\u1ec3m ch\u1ea1m v\u1edbi ng\u01b0\u1eddi d\u00f9ng tr\u1ef1c tuy\u1ebfn th\u00f4ng qua h\u1ec7 th\u1ed1ng t\u00e0i nguy\u00ean s\u1ed1 bao g\u1ed3m h\u00ecnh \u1ea3nh, video, truy\u1ec1n th\u00f4ng \u0111a ph\u01b0\u01a1ng ti\u1ec7n, gi\u1eef \u0111\u01b0\u1ee3c s\u1ef1 t\u01b0\u01a1ng t\u00e1c v\u1edbi kh\u00e1ch h\u00e0ng theo t\u1eebng k\u1ebf ho\u1ea1ch b\u00e1n h\u00e0ng c\u1ee5 th\u1ec3.<\/p>\n<a class=\"button primary lowercase\"  style=\"border-radius:99px;\">\n\t\t<span>Li\u00ean h\u1ec7 ngay<\/span>\n\t<\/a>\n\n\t\t<\/div>\n\t\t\t\t\n<style>\n#col-2023969894 > .col-inner {\n  padding: 60px 0px 0px 0px;\n}\n<\/style>\n\t<\/div>\n\n\t\n\n\t<div id=\"col-202076772\" class=\"col medium-6 small-12 large-6\"  >\n\t\t\t\t<div class=\"col-inner text-right\"  >\n\t\t\t\n\t\t\t\n<h2><strong><span style=\"color: #2068a0;\">TI\u1ebeP TH\u1eca HI\u1ec6U SU\u1ea4T<\/span><\/strong><\/h2>\n<p>Ti\u1ebfp c\u1eadn \u0111\u1ed1i t\u01b0\u1ee3ng m\u1ee5c ti\u00eau tr\u00ean quy m\u00f4 l\u1edbn qua vi\u1ec7c ph\u00e2n t\u00edch c\u01a1 s\u1edf d\u1eef li\u1ec7u m\u1ed9t c\u00e1ch ch\u00ednh x\u00e1c d\u1ef1a tr\u00ean s\u1ef1 \u0111o l\u01b0\u1eddng chuy\u00ean nghi\u1ec7p v\u00e0 hi\u1ec7u qu\u1ea3 \u0111\u1ebfn t\u1eebc\u00e1c chuy\u00ean gia.<\/p>\n<a class=\"button primary lowercase\"  style=\"border-radius:99px;\">\n\t\t<span>Li\u00ean h\u1ec7 ngay<\/span>\n\t<\/a>\n\n\t\t<\/div>\n\t\t\t\t\n<style>\n#col-202076772 > .col-inner {\n  padding: 60px 0px 0px 0px;\n}\n<\/style>\n\t<\/div>\n\n\t\n\n\t<div id=\"col-994129738\" class=\"col medium-6 small-12 large-6\"  >\n\t\t\t\t<div class=\"col-inner text-left\"  >\n\t\t\t\n\t\t\t\n\t<div class=\"img has-hover x md-x lg-x y md-y lg-y\" id=\"image_164929337\">\n\t\t\t\t\t\t\t\t<div class=\"img-inner dark\" >\n\t\t\t<img loading=\"lazy\" decoding=\"async\" width=\"658\" height=\"633\" src=\"https:\/\/knstgroup.com\/sites\/anneco\/wp-content\/uploads\/sites\/14\/2024\/12\/Screenshot-2024-12-20-005902.png\" class=\"attachment-large size-large\" alt=\"\" srcset=\"https:\/\/knstgroup.com\/sites\/anneco\/wp-content\/uploads\/sites\/14\/2024\/12\/Screenshot-2024-12-20-005902.png 658w, https:\/\/knstgroup.com\/sites\/anneco\/wp-content\/uploads\/sites\/14\/2024\/12\/Screenshot-2024-12-20-005902-300x289.png 300w\" sizes=\"auto, (max-width: 658px) 100vw, 658px\" \/>\t\t\t\t\t\t\n\t\t\t\t\t<\/div>\n\t\t\t\t\t\t\t\t\n<style>\n#image_164929337 {\n  width: 85%;\n}\n<\/style>\n\t<\/div>\n\t\n\t\t<\/div>\n\t\t\t\t\t<\/div>\n\n\t\n<\/div>\n\t\t<\/div>\n\n\t\t\n<style>\n#section_394744844 {\n  padding-top: 30px;\n  padding-bottom: 30px;\n}\n<\/style>\n\t<\/section>\n\t\n","protected":false},"excerpt":{"rendered":"","protected":false},"author":1,"featured_media":0,"parent":0,"menu_order":0,"comment_status":"closed","ping_status":"closed","template":"page-blank.php","meta":{"footnotes":""},"class_list":["post-133","page","type-page","status-publish","hentry"],"_links":{"self":[{"href":"https:\/\/knstgroup.com\/sites\/anneco\/wp-json\/wp\/v2\/pages\/133","targetHints":{"allow":["GET"]}}],"collection":[{"href":"https:\/\/knstgroup.com\/sites\/anneco\/wp-json\/wp\/v2\/pages"}],"about":[{"href":"https:\/\/knstgroup.com\/sites\/anneco\/wp-json\/wp\/v2\/types\/page"}],"author":[{"embeddable":true,"href":"https:\/\/knstgroup.com\/sites\/anneco\/wp-json\/wp\/v2\/users\/1"}],"replies":[{"embeddable":true,"href":"https:\/\/knstgroup.com\/sites\/anneco\/wp-json\/wp\/v2\/comments?post=133"}],"version-history":[{"count":16,"href":"https:\/\/knstgroup.com\/sites\/anneco\/wp-json\/wp\/v2\/pages\/133\/revisions"}],"predecessor-version":[{"id":206,"href":"https:\/\/knstgroup.com\/sites\/anneco\/wp-json\/wp\/v2\/pages\/133\/revisions\/206"}],"wp:attachment":[{"href":"https:\/\/knstgroup.com\/sites\/anneco\/wp-json\/wp\/v2\/media?parent=133"}],"curies":[{"name":"wp","href":"https:\/\/api.w.org\/{rel}","templated":true}]}}